{"id":554,"date":"2018-05-21T17:34:29","date_gmt":"2018-05-21T20:34:29","guid":{"rendered":"https:\/\/unidades.tc.df.gov.br\/dsaud\/?page_id=554"},"modified":"2025-09-10T18:31:29","modified_gmt":"2025-09-10T21:31:29","slug":"informes","status":"publish","type":"page","link":"https:\/\/unidades.tc.df.gov.br\/dsaud\/informes\/","title":{"rendered":"Informa + Sa\u00fade"},"content":{"rendered":"\t\t<div data-elementor-type=\"wp-page\" data-elementor-id=\"554\" class=\"elementor elementor-554\">\n\t\t\t\t<div class=\"elementor-element elementor-element-ab81ed2 e-flex e-con-boxed wpr-particle-no wpr-jarallax-no wpr-parallax-no wpr-sticky-section-no e-con e-parent\" data-id=\"ab81ed2\" data-element_type=\"container\" data-e-type=\"container\" data-settings=\"{&quot;background_background&quot;:&quot;classic&quot;}\">\n\t\t\t\t\t<div class=\"e-con-inner\">\n\t\t\t\t<div class=\"elementor-element elementor-element-46f1a5c elementor-widget elementor-widget-heading\" data-id=\"46f1a5c\" data-element_type=\"widget\" data-e-type=\"widget\" data-widget_type=\"heading.default\">\n\t\t\t\t\t<h2 class=\"elementor-heading-title elementor-size-default\">Informa + Sa\u00fade<\/h2>\t\t\t\t<\/div>\n\t\t\t\t\t<\/div>\n\t\t\t\t<\/div>\n\t\t<div class=\"elementor-element elementor-element-5661891 e-flex e-con-boxed wpr-particle-no wpr-jarallax-no wpr-parallax-no wpr-sticky-section-no e-con e-parent\" data-id=\"5661891\" data-element_type=\"container\" data-e-type=\"container\">\n\t\t\t\t\t<div class=\"e-con-inner\">\n\t\t\t\t<div class=\"elementor-element elementor-element-b969b95 elementor-widget elementor-widget-text-editor\" data-id=\"b969b95\" data-element_type=\"widget\" data-e-type=\"widget\" data-widget_type=\"text-editor.default\">\n\t\t\t\t\t\t\t\t\t<div class=\"escala-container\"><h2>Not\u00edcias da DSAUD<\/h2><div class=\"info-paragraph\" style=\"color: #00608f\">Acompanhe <a href=\"LINK_PARA_A_PAGINA_DE_NOTICIAS_AQUI\">aqui<\/a> as principais not\u00edcias da DSAUD.<\/div><\/div>\t\t\t\t\t\t\t\t<\/div>\n\t\t\t\t\t<\/div>\n\t\t\t\t<\/div>\n\t\t<div class=\"elementor-element elementor-element-d847fa0 e-con-full e-flex wpr-particle-no wpr-jarallax-no wpr-parallax-no wpr-sticky-section-no e-con e-parent\" data-id=\"d847fa0\" data-element_type=\"container\" data-e-type=\"container\">\n\t\t\t\t<div class=\"elementor-element elementor-element-eb8e382 wpr-grid-columns-3 wpr-grid-columns--tablet2 wpr-grid-columns--mobile1 wpr-grid-pagination-center wpr-item-styles-inner elementor-widget elementor-widget-wpr-grid\" data-id=\"eb8e382\" data-element_type=\"widget\" data-e-type=\"widget\" data-widget_type=\"wpr-grid.default\">\n\t\t\t\t\t<ul class=\"wpr-grid-filters elementor-clearfix wpr-grid-filters-sep-right\"><li class=\" wpr-pointer-none wpr-pointer-line-fx wpr-pointer-fx-fade\"><span  data-filter=\"*\" class=\"wpr-grid-filters-item wpr-active-filter \"><i class=\" wpr-grid-filters-icon-left\"><\/i>All Posts<\/span><em class=\"wpr-grid-filters-sep\"><\/em><\/li><li class=\" wpr-pointer-none wpr-pointer-line-fx wpr-pointer-fx-fade\"><span   data-ajax-filter=[\"category\",\"informes\"]  data-filter=\".category-informes\"><i class=\" wpr-grid-filters-icon-left\"><\/i>informes<\/span><em class=\"wpr-grid-filters-sep\"><\/em><\/li><\/ul><section class=\"wpr-grid elementor-clearfix\" data-settings=\"{&quot;layout&quot;:&quot;fitRows&quot;,&quot;stick_last_element_to_bottom&quot;:&quot;&quot;,&quot;columns_desktop&quot;:3,&quot;gutter_hr&quot;:15,&quot;gutter_hr_mobile&quot;:15,&quot;gutter_hr_mobile_extra&quot;:15,&quot;gutter_hr_tablet&quot;:15,&quot;gutter_hr_tablet_extra&quot;:15,&quot;gutter_hr_laptop&quot;:15,&quot;gutter_hr_widescreen&quot;:15,&quot;gutter_vr&quot;:15,&quot;gutter_vr_mobile&quot;:15,&quot;gutter_vr_mobile_extra&quot;:15,&quot;gutter_vr_tablet&quot;:15,&quot;gutter_vr_tablet_extra&quot;:15,&quot;gutter_vr_laptop&quot;:15,&quot;gutter_vr_widescreen&quot;:15,&quot;animation&quot;:&quot;default&quot;,&quot;animation_duration&quot;:0.3,&quot;animation_delay&quot;:0.1,&quot;deeplinking&quot;:&quot;no&quot;,&quot;filters_linkable&quot;:&quot;no&quot;,&quot;filters_default_filter&quot;:&quot;&quot;,&quot;filters_count&quot;:&quot;no&quot;,&quot;filters_hide_empty&quot;:&quot;no&quot;,&quot;filters_animation&quot;:&quot;default&quot;,&quot;filters_animation_duration&quot;:0.3,&quot;filters_animation_delay&quot;:0.1,&quot;pagination_type&quot;:&quot;load-more&quot;,&quot;pagination_max_pages&quot;:5,&quot;lightbox&quot;:{&quot;selector&quot;:&quot;.wpr-grid-image-wrap&quot;,&quot;iframeMaxWidth&quot;:&quot;60%&quot;,&quot;hash&quot;:false,&quot;autoplay&quot;:&quot;true&quot;,&quot;pause&quot;:5000,&quot;progressBar&quot;:&quot;true&quot;,&quot;counter&quot;:&quot;true&quot;,&quot;controls&quot;:&quot;true&quot;,&quot;getCaptionFromTitleOrAlt&quot;:&quot;true&quot;,&quot;thumbnail&quot;:&quot;true&quot;,&quot;showThumbByDefault&quot;:&quot;true&quot;,&quot;share&quot;:&quot;true&quot;,&quot;zoom&quot;:&quot;true&quot;,&quot;fullScreen&quot;:&quot;true&quot;,&quot;download&quot;:&quot;true&quot;}}\" data-advanced-filters=\"no\"><article class=\"wpr-grid-item elementor-clearfix post-2943 post type-post status-publish format-standard hentry category-informes\"><div class=\"wpr-grid-item-inner\"><div class=\"wpr-grid-item-below-content elementor-clearfix\"><h2 class=\"wpr-grid-item-title elementor-repeater-item-b62e044 wpr-grid-item-display-block wpr-grid-item-align-left wpr-pointer-none wpr-pointer-line-fx wpr-pointer-fx-slide\"><div class=\"inner-block\"><a target=\"_self\"  href=\"https:\/\/unidades.tc.df.gov.br\/dsaud\/lembrete-quinta-21-tem-palestra-sobre-prevencao-ao-cancer-de-mama-e-colo-de-utero\/\">Lembrete: Quinta (21) tem palestra sobre preven\u00e7\u00e3o ao c\u00e2ncer de mama e colo de \u00fatero<\/a><\/div><\/h2><div class=\"wpr-grid-item-date elementor-repeater-item-5147a01 wpr-grid-item-display-inline wpr-grid-item-align-left\"><div class=\"inner-block\"><span>19 de novembro de 2024<span class=\"wpr-grid-extra-text-right\">\/<\/span><\/span><\/div><\/div><div class=\"wpr-grid-item-comments elementor-repeater-item-f1d83e2 wpr-grid-item-display-inline wpr-grid-item-align-left\"><div class=\"inner-block\"><a href=\"https:\/\/unidades.tc.df.gov.br\/dsaud\/lembrete-quinta-21-tem-palestra-sobre-prevencao-ao-cancer-de-mama-e-colo-de-utero\/#respond\"><span>No Comments<\/span><\/a><\/div><\/div><div class=\"wpr-grid-item-excerpt elementor-repeater-item-2ecc031 wpr-grid-item-display-block wpr-grid-item-align-left\"><div class=\"inner-block\"><p>No dia 21 de novembro, \u00e0s 13h30, no Audit\u00f3rio do TCDF, todas as colaboradoras terceirizadas do\u00a0Tribunal\u00a0est\u00e3o convidadas para uma palestra...<\/p><\/div><\/div><div class=\"wpr-grid-item-read-more elementor-repeater-item-f856da4 wpr-grid-item-display-block wpr-grid-item-align-left\"><div class=\"inner-block\"><a target=\"_self\" href=\"https:\/\/unidades.tc.df.gov.br\/dsaud\/lembrete-quinta-21-tem-palestra-sobre-prevencao-ao-cancer-de-mama-e-colo-de-utero\/\" class=\"wpr-button-effect wpr-button-none\"><span>Read More<\/span><\/a><\/div><\/div><\/div><\/div><\/article><article class=\"wpr-grid-item elementor-clearfix post-2918 post type-post status-publish format-standard hentry category-informes\"><div class=\"wpr-grid-item-inner\"><div class=\"wpr-grid-item-below-content elementor-clearfix\"><h2 class=\"wpr-grid-item-title elementor-repeater-item-b62e044 wpr-grid-item-display-block wpr-grid-item-align-left wpr-pointer-none wpr-pointer-line-fx wpr-pointer-fx-slide\"><div class=\"inner-block\"><a target=\"_self\"  href=\"https:\/\/unidades.tc.df.gov.br\/dsaud\/novembro-azul-dsaud-recomenda-exames-para-deteccao-do-cancer-de-prostata\/\">Novembro Azul : Dsaud recomenda exames para detec\u00e7\u00e3o do c\u00e2ncer de pr\u00f3stata<\/a><\/div><\/h2><div class=\"wpr-grid-item-date elementor-repeater-item-5147a01 wpr-grid-item-display-inline wpr-grid-item-align-left\"><div class=\"inner-block\"><span>4 de novembro de 2024<span class=\"wpr-grid-extra-text-right\">\/<\/span><\/span><\/div><\/div><div class=\"wpr-grid-item-comments elementor-repeater-item-f1d83e2 wpr-grid-item-display-inline wpr-grid-item-align-left\"><div class=\"inner-block\"><a href=\"https:\/\/unidades.tc.df.gov.br\/dsaud\/novembro-azul-dsaud-recomenda-exames-para-deteccao-do-cancer-de-prostata\/#respond\"><span>No Comments<\/span><\/a><\/div><\/div><div class=\"wpr-grid-item-excerpt elementor-repeater-item-2ecc031 wpr-grid-item-display-block wpr-grid-item-align-left\"><div class=\"inner-block\"><p>O c\u00e2ncer de pr\u00f3stata \u00e9 o segundo tipo de c\u00e2ncer que mais mata a popula\u00e7\u00e3o masculina no Brasil e no...<\/p><\/div><\/div><div class=\"wpr-grid-item-read-more elementor-repeater-item-f856da4 wpr-grid-item-display-block wpr-grid-item-align-left\"><div class=\"inner-block\"><a target=\"_self\" href=\"https:\/\/unidades.tc.df.gov.br\/dsaud\/novembro-azul-dsaud-recomenda-exames-para-deteccao-do-cancer-de-prostata\/\" class=\"wpr-button-effect wpr-button-none\"><span>Read More<\/span><\/a><\/div><\/div><\/div><\/div><\/article><article class=\"wpr-grid-item elementor-clearfix post-2891 post type-post status-publish format-standard has-post-thumbnail hentry category-informes\"><div class=\"wpr-grid-item-inner\"><div class=\"wpr-grid-media-wrap wpr-effect-size-medium \" data-overlay-link=\"yes\"><div class=\"wpr-grid-image-wrap\" data-src=\"https:\/\/unidades.tc.df.gov.br\/dsaud\/wp-content\/uploads\/sites\/23\/2024\/10\/24-semana-saude.png\" data-img-on-hover=\"\"  data-src-secondary=\"\"><img decoding=\"async\" data-no-lazy=\"1\" src=\"https:\/\/unidades.tc.df.gov.br\/dsaud\/wp-content\/uploads\/sites\/23\/2024\/10\/24-semana-saude.png\" alt=\"24\u00aa Semana de Sa\u00fade, Qualidade de Vida e Bem-Estar: confira estandes e eventos programados\" class=\"wpr-anim-timing-ease-default\"><\/div><div class=\"wpr-grid-media-hover wpr-animation-wrap\"><div class=\"wpr-grid-media-hover-bg  wpr-overlay-fade-in wpr-anim-size-large wpr-anim-timing-ease-default wpr-anim-transparency\" data-url=\"https:\/\/unidades.tc.df.gov.br\/dsaud\/24a-semana-de-saude-qualidade-de-vida-e-bem-estar-confira-estandes-e-eventos-programados\/\"><\/div><\/div><\/div><div class=\"wpr-grid-item-below-content elementor-clearfix\"><h2 class=\"wpr-grid-item-title elementor-repeater-item-b62e044 wpr-grid-item-display-block wpr-grid-item-align-left wpr-pointer-none wpr-pointer-line-fx wpr-pointer-fx-slide\"><div class=\"inner-block\"><a target=\"_self\"  href=\"https:\/\/unidades.tc.df.gov.br\/dsaud\/24a-semana-de-saude-qualidade-de-vida-e-bem-estar-confira-estandes-e-eventos-programados\/\">24\u00aa Semana de Sa\u00fade, Qualidade de Vida e Bem-Estar: confira estandes e eventos programados<\/a><\/div><\/h2><div class=\"wpr-grid-item-date elementor-repeater-item-5147a01 wpr-grid-item-display-inline wpr-grid-item-align-left\"><div class=\"inner-block\"><span>16 de outubro de 2024<span class=\"wpr-grid-extra-text-right\">\/<\/span><\/span><\/div><\/div><div class=\"wpr-grid-item-comments elementor-repeater-item-f1d83e2 wpr-grid-item-display-inline wpr-grid-item-align-left\"><div class=\"inner-block\"><a href=\"https:\/\/unidades.tc.df.gov.br\/dsaud\/24a-semana-de-saude-qualidade-de-vida-e-bem-estar-confira-estandes-e-eventos-programados\/#respond\"><span>No Comments<\/span><\/a><\/div><\/div><div class=\"wpr-grid-item-excerpt elementor-repeater-item-2ecc031 wpr-grid-item-display-block wpr-grid-item-align-left\"><div class=\"inner-block\"><p>Na pr\u00f3xima\u00a0segunda-feira, 21 de outubro, \u00e0s 16h,\u00a0tem in\u00edcio a\u00a024\u00aa\u00a0Semana de Sa\u00fade, Qualidade de Vida e Bem-Estar. Promovida pela\u00a0Secretaria de Sa\u00fade,...<\/p><\/div><\/div><div class=\"wpr-grid-item-read-more elementor-repeater-item-f856da4 wpr-grid-item-display-block wpr-grid-item-align-left\"><div class=\"inner-block\"><a target=\"_self\" href=\"https:\/\/unidades.tc.df.gov.br\/dsaud\/24a-semana-de-saude-qualidade-de-vida-e-bem-estar-confira-estandes-e-eventos-programados\/\" class=\"wpr-button-effect wpr-button-none\"><span>Read More<\/span><\/a><\/div><\/div><\/div><\/div><\/article><article class=\"wpr-grid-item elementor-clearfix post-2882 post type-post status-publish format-standard hentry category-informes\"><div class=\"wpr-grid-item-inner\"><div class=\"wpr-grid-item-below-content elementor-clearfix\"><h2 class=\"wpr-grid-item-title elementor-repeater-item-b62e044 wpr-grid-item-display-block wpr-grid-item-align-left wpr-pointer-none wpr-pointer-line-fx wpr-pointer-fx-slide\"><div class=\"inner-block\"><a target=\"_self\"  href=\"https:\/\/unidades.tc.df.gov.br\/dsaud\/dsaud-alerta-o-que-voce-tem-feito-para-afastar-o-risco-do-diagnostico-tardio-do-cancer-de-mama\/\">Dsaud alerta: o que voc\u00ea tem feito para afastar o risco do diagn\u00f3stico tardio do c\u00e2ncer de mama? \u00a0<\/a><\/div><\/h2><div class=\"wpr-grid-item-date elementor-repeater-item-5147a01 wpr-grid-item-display-inline wpr-grid-item-align-left\"><div class=\"inner-block\"><span>11 de outubro de 2024<span class=\"wpr-grid-extra-text-right\">\/<\/span><\/span><\/div><\/div><div class=\"wpr-grid-item-comments elementor-repeater-item-f1d83e2 wpr-grid-item-display-inline wpr-grid-item-align-left\"><div class=\"inner-block\"><a href=\"https:\/\/unidades.tc.df.gov.br\/dsaud\/dsaud-alerta-o-que-voce-tem-feito-para-afastar-o-risco-do-diagnostico-tardio-do-cancer-de-mama\/#respond\"><span>No Comments<\/span><\/a><\/div><\/div><div class=\"wpr-grid-item-excerpt elementor-repeater-item-2ecc031 wpr-grid-item-display-block wpr-grid-item-align-left\"><div class=\"inner-block\"><p>\u00c9 consenso entre os profissionais de sa\u00fade que a melhor forma de detec\u00e7\u00e3o precoce do c\u00e2ncer de mama se d\u00e1...<\/p><\/div><\/div><div class=\"wpr-grid-item-read-more elementor-repeater-item-f856da4 wpr-grid-item-display-block wpr-grid-item-align-left\"><div class=\"inner-block\"><a target=\"_self\" href=\"https:\/\/unidades.tc.df.gov.br\/dsaud\/dsaud-alerta-o-que-voce-tem-feito-para-afastar-o-risco-do-diagnostico-tardio-do-cancer-de-mama\/\" class=\"wpr-button-effect wpr-button-none\"><span>Read More<\/span><\/a><\/div><\/div><\/div><\/div><\/article><article class=\"wpr-grid-item elementor-clearfix post-2852 post type-post status-publish format-standard has-post-thumbnail hentry category-informes\"><div class=\"wpr-grid-item-inner\"><div class=\"wpr-grid-media-wrap wpr-effect-size-medium \" data-overlay-link=\"yes\"><div class=\"wpr-grid-image-wrap\" data-src=\"https:\/\/unidades.tc.df.gov.br\/dsaud\/wp-content\/uploads\/sites\/23\/2024\/09\/Teams_doacao_orgaos-768x960.jpeg\" data-img-on-hover=\"\"  data-src-secondary=\"\"><img decoding=\"async\" data-no-lazy=\"1\" src=\"https:\/\/unidades.tc.df.gov.br\/dsaud\/wp-content\/uploads\/sites\/23\/2024\/09\/Teams_doacao_orgaos-768x960.jpeg\" alt=\"TCDF promove palestra sobre doa\u00e7\u00e3o e transplante de \u00f3rg\u00e3os na quinta (26)\" class=\"wpr-anim-timing-ease-default\"><\/div><div class=\"wpr-grid-media-hover wpr-animation-wrap\"><div class=\"wpr-grid-media-hover-bg  wpr-overlay-fade-in wpr-anim-size-large wpr-anim-timing-ease-default wpr-anim-transparency\" data-url=\"https:\/\/unidades.tc.df.gov.br\/dsaud\/tcdf-promove-palestra-sobre-doacao-e-transplante-de-orgaos-na-quinta-26\/\"><\/div><\/div><\/div><div class=\"wpr-grid-item-below-content elementor-clearfix\"><h2 class=\"wpr-grid-item-title elementor-repeater-item-b62e044 wpr-grid-item-display-block wpr-grid-item-align-left wpr-pointer-none wpr-pointer-line-fx wpr-pointer-fx-slide\"><div class=\"inner-block\"><a target=\"_self\"  href=\"https:\/\/unidades.tc.df.gov.br\/dsaud\/tcdf-promove-palestra-sobre-doacao-e-transplante-de-orgaos-na-quinta-26\/\">TCDF promove palestra sobre doa\u00e7\u00e3o e transplante de \u00f3rg\u00e3os na quinta (26)<\/a><\/div><\/h2><div class=\"wpr-grid-item-date elementor-repeater-item-5147a01 wpr-grid-item-display-inline wpr-grid-item-align-left\"><div class=\"inner-block\"><span>24 de setembro de 2024<span class=\"wpr-grid-extra-text-right\">\/<\/span><\/span><\/div><\/div><div class=\"wpr-grid-item-comments elementor-repeater-item-f1d83e2 wpr-grid-item-display-inline wpr-grid-item-align-left\"><div class=\"inner-block\"><a href=\"https:\/\/unidades.tc.df.gov.br\/dsaud\/tcdf-promove-palestra-sobre-doacao-e-transplante-de-orgaos-na-quinta-26\/#respond\"><span>No Comments<\/span><\/a><\/div><\/div><div class=\"wpr-grid-item-excerpt elementor-repeater-item-2ecc031 wpr-grid-item-display-block wpr-grid-item-align-left\"><div class=\"inner-block\"><p>Na pr\u00f3xima quinta-feira, dia 26 de setembro, o\u00a0Tribunal\u00a0de\u00a0Contas\u00a0do\u00a0Distrito\u00a0Federal\u00a0(TCDF) recebe a diretora da Central Estadual de Transplantes do Distrito Federal (CET\/DF),...<\/p><\/div><\/div><div class=\"wpr-grid-item-read-more elementor-repeater-item-f856da4 wpr-grid-item-display-block wpr-grid-item-align-left\"><div class=\"inner-block\"><a target=\"_self\" href=\"https:\/\/unidades.tc.df.gov.br\/dsaud\/tcdf-promove-palestra-sobre-doacao-e-transplante-de-orgaos-na-quinta-26\/\" class=\"wpr-button-effect wpr-button-none\"><span>Read More<\/span><\/a><\/div><\/div><\/div><\/div><\/article><article class=\"wpr-grid-item elementor-clearfix post-2864 post type-post status-publish format-standard hentry category-informes\"><div class=\"wpr-grid-item-inner\"><div class=\"wpr-grid-item-below-content elementor-clearfix\"><h2 class=\"wpr-grid-item-title elementor-repeater-item-b62e044 wpr-grid-item-display-block wpr-grid-item-align-left wpr-pointer-none wpr-pointer-line-fx wpr-pointer-fx-slide\"><div class=\"inner-block\"><a target=\"_self\"  href=\"https:\/\/unidades.tc.df.gov.br\/dsaud\/setembro-amarelo\/\">SETEMBRO AMARELO<\/a><\/div><\/h2><div class=\"wpr-grid-item-date elementor-repeater-item-5147a01 wpr-grid-item-display-inline wpr-grid-item-align-left\"><div class=\"inner-block\"><span>25 de setembro de 2024<span class=\"wpr-grid-extra-text-right\">\/<\/span><\/span><\/div><\/div><div class=\"wpr-grid-item-comments elementor-repeater-item-f1d83e2 wpr-grid-item-display-inline wpr-grid-item-align-left\"><div class=\"inner-block\"><a href=\"https:\/\/unidades.tc.df.gov.br\/dsaud\/setembro-amarelo\/#respond\"><span>No Comments<\/span><\/a><\/div><\/div><div class=\"wpr-grid-item-excerpt elementor-repeater-item-2ecc031 wpr-grid-item-display-block wpr-grid-item-align-left\"><div class=\"inner-block\"><p>Voc\u00ea importa. Voc\u00ea tem valor. Voc\u00ea n\u00e3o est\u00e1 s\u00f3. &nbsp; Fonte: imagem: Osceia.org.br<\/p><\/div><\/div><div class=\"wpr-grid-item-read-more elementor-repeater-item-f856da4 wpr-grid-item-display-block wpr-grid-item-align-left\"><div class=\"inner-block\"><a target=\"_self\" href=\"https:\/\/unidades.tc.df.gov.br\/dsaud\/setembro-amarelo\/\" class=\"wpr-button-effect wpr-button-none\"><span>Read More<\/span><\/a><\/div><\/div><\/div><\/div><\/article><\/section><div class=\"wpr-grid-pagination elementor-clearfix wpr-grid-pagination-load-more\" data-pages=\"5\"><a href=\"https:\/\/unidades.tc.df.gov.br\/dsaud\/wp-json\/wp\/v2\/pages\/554\/page\/2\/\" class=\"wpr-load-more-btn\" data-e-disable-page-transition >Load More<\/a><div class=\"wpr-pagination-loading\"><div class=\"wpr-double-bounce\"><div class=\"wpr-child wpr-double-bounce1\"><\/div><div class=\"wpr-child wpr-double-bounce2\"><\/div><\/div><\/div><p class=\"wpr-pagination-finish\">End of Content.<\/p><\/div>\t\t\t\t<\/div>\n\t\t\t\t<\/div>\n\t\t<div class=\"elementor-element elementor-element-d51524b e-grid e-con-boxed wpr-particle-no wpr-jarallax-no wpr-parallax-no wpr-sticky-section-no e-con e-parent\" data-id=\"d51524b\" data-element_type=\"container\" data-e-type=\"container\">\n\t\t\t\t\t<div class=\"e-con-inner\">\n\t\t\t\t<div class=\"elementor-element elementor-element-e9f7c5b caixa-imagem-hover elementor-widget elementor-widget-image\" data-id=\"e9f7c5b\" data-element_type=\"widget\" data-e-type=\"widget\" data-settings=\"{&quot;_animation&quot;:&quot;none&quot;}\" data-widget_type=\"image.default\">\n\t\t\t\t\t\t\t\t\t\t\t\t<figure class=\"wp-caption\">\n\t\t\t\t\t\t\t\t\t\t\t<a href=\"https:\/\/unidades.tc.df.gov.br\/dsaud\/informes\/licencas-medicas\/\">\n\t\t\t\t\t\t\t<img fetchpriority=\"high\" decoding=\"async\" width=\"2000\" height=\"2000\" src=\"https:\/\/unidades.tc.df.gov.br\/dsaud\/wp-content\/uploads\/sites\/23\/2018\/07\/Prancheta-3.png\" class=\"elementor-animation-shrink attachment-full size-full wp-image-1037\" alt=\"\" srcset=\"https:\/\/unidades.tc.df.gov.br\/dsaud\/wp-content\/uploads\/sites\/23\/2018\/07\/Prancheta-3.png 2000w, https:\/\/unidades.tc.df.gov.br\/dsaud\/wp-content\/uploads\/sites\/23\/2018\/07\/Prancheta-3-150x150.png 150w, https:\/\/unidades.tc.df.gov.br\/dsaud\/wp-content\/uploads\/sites\/23\/2018\/07\/Prancheta-3-300x300.png 300w, https:\/\/unidades.tc.df.gov.br\/dsaud\/wp-content\/uploads\/sites\/23\/2018\/07\/Prancheta-3-768x768.png 768w, https:\/\/unidades.tc.df.gov.br\/dsaud\/wp-content\/uploads\/sites\/23\/2018\/07\/Prancheta-3-1024x1024.png 1024w, https:\/\/unidades.tc.df.gov.br\/dsaud\/wp-content\/uploads\/sites\/23\/2018\/07\/Prancheta-3-146x146.png 146w, https:\/\/unidades.tc.df.gov.br\/dsaud\/wp-content\/uploads\/sites\/23\/2018\/07\/Prancheta-3-50x50.png 50w, https:\/\/unidades.tc.df.gov.br\/dsaud\/wp-content\/uploads\/sites\/23\/2018\/07\/Prancheta-3-75x75.png 75w, https:\/\/unidades.tc.df.gov.br\/dsaud\/wp-content\/uploads\/sites\/23\/2018\/07\/Prancheta-3-85x85.png 85w, https:\/\/unidades.tc.df.gov.br\/dsaud\/wp-content\/uploads\/sites\/23\/2018\/07\/Prancheta-3-80x80.png 80w\" sizes=\"(max-width: 2000px) 100vw, 2000px\" \/>\t\t\t\t\t\t\t\t<\/a>\n\t\t\t\t\t\t\t\t\t\t\t<figcaption class=\"widget-image-caption wp-caption-text\">Licen\u00e7as M\u00e9dicas<\/figcaption>\n\t\t\t\t\t\t\t\t\t\t<\/figure>\n\t\t\t\t\t\t\t\t\t<\/div>\n\t\t\t\t<div class=\"elementor-element elementor-element-3352911 caixa-imagem-hover elementor-widget elementor-widget-image\" data-id=\"3352911\" data-element_type=\"widget\" data-e-type=\"widget\" data-widget_type=\"image.default\">\n\t\t\t\t\t\t\t\t\t\t\t\t<figure class=\"wp-caption\">\n\t\t\t\t\t\t\t\t\t\t\t<a href=\"https:\/\/unidades.tc.df.gov.br\/dsaud\/projetos\/semana-da-saude\/\">\n\t\t\t\t\t\t\t<img decoding=\"async\" width=\"2560\" height=\"1708\" src=\"https:\/\/unidades.tc.df.gov.br\/dsaud\/wp-content\/uploads\/sites\/23\/2025\/08\/pexels-cliff-booth-4056723-scaled.jpg\" class=\"attachment-full size-full wp-image-3570\" alt=\"\" srcset=\"https:\/\/unidades.tc.df.gov.br\/dsaud\/wp-content\/uploads\/sites\/23\/2025\/08\/pexels-cliff-booth-4056723-scaled.jpg 2560w, https:\/\/unidades.tc.df.gov.br\/dsaud\/wp-content\/uploads\/sites\/23\/2025\/08\/pexels-cliff-booth-4056723-300x200.jpg 300w, https:\/\/unidades.tc.df.gov.br\/dsaud\/wp-content\/uploads\/sites\/23\/2025\/08\/pexels-cliff-booth-4056723-1024x683.jpg 1024w, https:\/\/unidades.tc.df.gov.br\/dsaud\/wp-content\/uploads\/sites\/23\/2025\/08\/pexels-cliff-booth-4056723-768x513.jpg 768w, https:\/\/unidades.tc.df.gov.br\/dsaud\/wp-content\/uploads\/sites\/23\/2025\/08\/pexels-cliff-booth-4056723-1536x1025.jpg 1536w, https:\/\/unidades.tc.df.gov.br\/dsaud\/wp-content\/uploads\/sites\/23\/2025\/08\/pexels-cliff-booth-4056723-2048x1367.jpg 2048w\" sizes=\"(max-width: 2560px) 100vw, 2560px\" \/>\t\t\t\t\t\t\t\t<\/a>\n\t\t\t\t\t\t\t\t\t\t\t<figcaption class=\"widget-image-caption wp-caption-text\">Semana da Sa\u00fade<\/figcaption>\n\t\t\t\t\t\t\t\t\t\t<\/figure>\n\t\t\t\t\t\t\t\t\t<\/div>\n\t\t\t\t\t<\/div>\n\t\t\t\t<\/div>\n\t\t\t\t<\/div>\n\t\t","protected":false},"excerpt":{"rendered":"<p>Informa + Sa\u00fade Not\u00edcias da DSAUD Acompanhe aqui as principais not\u00edcias da DSAUD. All Posts informes Lembrete: Quinta (21) tem palestra sobre preven\u00e7\u00e3o ao c\u00e2ncer de mama e colo de \u00fatero 19 de novembro de 2024\/No Comments No dia 21 de novembro, \u00e0s 13h30, no Audit\u00f3rio do TCDF, todas as colaboradoras terceirizadas do\u00a0Tribunal\u00a0est\u00e3o convidadas para uma palestra&#8230; Read More Novembro Azul : Dsaud recomenda exames para detec\u00e7\u00e3o do c\u00e2ncer de pr\u00f3stata 4 de novembro de 2024\/No Comments O c\u00e2ncer de pr\u00f3stata \u00e9 o segundo tipo de c\u00e2ncer que mais mata a popula\u00e7\u00e3o masculina no Brasil e no&#8230; Read More 24\u00aa Semana de Sa\u00fade, Qualidade de Vida e Bem-Estar: confira estandes e eventos programados 16 de outubro de 2024\/No Comments Na pr\u00f3xima\u00a0segunda-feira, 21 de outubro, \u00e0s 16h,\u00a0tem in\u00edcio a\u00a024\u00aa\u00a0Semana de Sa\u00fade, Qualidade de Vida e Bem-Estar. Promovida pela\u00a0Secretaria de Sa\u00fade,&#8230; Read More Dsaud alerta: o que voc\u00ea tem feito para afastar o risco do diagn\u00f3stico tardio do c\u00e2ncer de mama? \u00a0 11 de outubro de 2024\/No Comments \u00c9 consenso entre os profissionais de sa\u00fade que a melhor forma de detec\u00e7\u00e3o precoce do c\u00e2ncer de mama se d\u00e1&#8230; Read More TCDF promove palestra sobre doa\u00e7\u00e3o e transplante de \u00f3rg\u00e3os na quinta (26) 24 de setembro de 2024\/No Comments Na pr\u00f3xima quinta-feira, dia 26 de setembro, o\u00a0Tribunal\u00a0de\u00a0Contas\u00a0do\u00a0Distrito\u00a0Federal\u00a0(TCDF) recebe a diretora da Central Estadual de Transplantes do Distrito Federal (CET\/DF),&#8230; Read More SETEMBRO AMARELO 25 de setembro de 2024\/No Comments Voc\u00ea importa. Voc\u00ea tem valor. Voc\u00ea n\u00e3o est\u00e1 s\u00f3. &nbsp; Fonte: imagem: Osceia.org.br Read More Load More End of Content. Licen\u00e7as M\u00e9dicas Semana da Sa\u00fade<\/p>\n","protected":false},"author":1252,"featured_media":0,"parent":0,"menu_order":0,"comment_status":"closed","ping_status":"closed","template":"elementor_header_footer","meta":{"_monsterinsights_skip_tracking":false,"_monsterinsights_sitenote_active":false,"_monsterinsights_sitenote_note":"","_monsterinsights_sitenote_category":0,"footnotes":""},"class_list":["post-554","page","type-page","status-publish","hentry"],"acf":[],"_links":{"self":[{"href":"https:\/\/unidades.tc.df.gov.br\/dsaud\/wp-json\/wp\/v2\/pages\/554","targetHints":{"allow":["GET"]}}],"collection":[{"href":"https:\/\/unidades.tc.df.gov.br\/dsaud\/wp-json\/wp\/v2\/pages"}],"about":[{"href":"https:\/\/unidades.tc.df.gov.br\/dsaud\/wp-json\/wp\/v2\/types\/page"}],"author":[{"embeddable":true,"href":"https:\/\/unidades.tc.df.gov.br\/dsaud\/wp-json\/wp\/v2\/users\/1252"}],"replies":[{"embeddable":true,"href":"https:\/\/unidades.tc.df.gov.br\/dsaud\/wp-json\/wp\/v2\/comments?post=554"}],"version-history":[{"count":149,"href":"https:\/\/unidades.tc.df.gov.br\/dsaud\/wp-json\/wp\/v2\/pages\/554\/revisions"}],"predecessor-version":[{"id":4205,"href":"https:\/\/unidades.tc.df.gov.br\/dsaud\/wp-json\/wp\/v2\/pages\/554\/revisions\/4205"}],"wp:attachment":[{"href":"https:\/\/unidades.tc.df.gov.br\/dsaud\/wp-json\/wp\/v2\/media?parent=554"}],"curies":[{"name":"wp","href":"https:\/\/api.w.org\/{rel}","templated":true}]}}