{"id":547,"date":"2018-05-21T17:21:32","date_gmt":"2018-05-21T20:21:32","guid":{"rendered":"https:\/\/unidades.tc.df.gov.br\/dsaud\/?page_id=547"},"modified":"2025-08-11T16:03:29","modified_gmt":"2025-08-11T19:03:29","slug":"licencas-medicas","status":"publish","type":"page","link":"https:\/\/unidades.tc.df.gov.br\/dsaud\/informes\/licencas-medicas\/","title":{"rendered":""},"content":{"rendered":"\t\t<div data-elementor-type=\"wp-page\" data-elementor-id=\"547\" class=\"elementor elementor-547\">\n\t\t\t\t<div class=\"elementor-element elementor-element-fe47031 e-flex e-con-boxed wpr-particle-no wpr-jarallax-no wpr-parallax-no wpr-sticky-section-no e-con e-parent\" data-id=\"fe47031\" data-element_type=\"container\" data-e-type=\"container\" data-settings=\"{&quot;background_background&quot;:&quot;classic&quot;}\">\n\t\t\t\t\t<div class=\"e-con-inner\">\n\t\t\t\t<div class=\"elementor-element elementor-element-36f5420 elementor-widget elementor-widget-heading\" data-id=\"36f5420\" data-element_type=\"widget\" data-e-type=\"widget\" data-widget_type=\"heading.default\">\n\t\t\t\t\t<h2 class=\"elementor-heading-title elementor-size-default\">Licen\u00e7as M\u00e9dicas<\/h2>\t\t\t\t<\/div>\n\t\t\t\t\t<\/div>\n\t\t\t\t<\/div>\n\t\t<div class=\"elementor-element elementor-element-1d41ffe6 e-flex e-con-boxed wpr-particle-no wpr-jarallax-no wpr-parallax-no wpr-sticky-section-no e-con e-parent\" data-id=\"1d41ffe6\" data-element_type=\"container\" data-e-type=\"container\">\n\t\t\t\t\t<div class=\"e-con-inner\">\n\t\t\t\t<div class=\"elementor-element elementor-element-26265f51 elementor-widget elementor-widget-text-editor\" data-id=\"26265f51\" data-element_type=\"widget\" data-e-type=\"widget\" data-widget_type=\"text-editor.default\">\n\t\t\t\t\t\t\t\t\t<div class=\"escala-container\"><h2>Avisos sobre Atestados e Licen\u00e7as M\u00e9dicas<\/h2><div class=\"info-paragraph special-note\" style=\"border-left-color: #d9534f;background-color: #fcf8e3\"><strong style=\"color: #d9534f\">Fique de olho!<\/strong> De acordo com a Resolu\u00e7\u00e3o TCDF n\u00ba 258\/2013, a apresenta\u00e7\u00e3o dos Atestados M\u00e9dicos deve se dar em <strong>at\u00e9 24 horas<\/strong> a partir da data de in\u00edcio do afastamento.<\/div><div class=\"info-paragraph\" style=\"color: #00608f\">Em caso de d\u00favidas, entre em contato pelo Ramal 269, pelo <a href=\"https:\/\/www.whatsapp.com\/catalog\/556182146886\/?app_absent=0\">Whatsapp<\/a> ou E-mail: <a href=\"mailto:dsaud@tc.df.gov.br\">dsaud@tc.df.gov.br<\/a><\/div><div class=\"info-paragraph\" style=\"color: #00608f\">Voc\u00ea pode consultar suas licen\u00e7as m\u00e9dicas por meio do Portal do Servidor (e-Gesp), acess\u00edvel pelo link abaixo.<br \/><a href=\"https:\/\/egesp.tc.df.gov.br\/portal\/users\/sign_in\"><strong>Clique aqui!<\/strong><\/a><\/div><\/div>\t\t\t\t\t\t\t\t<\/div>\n\t\t\t\t\t<\/div>\n\t\t\t\t<\/div>\n\t\t\t\t<\/div>\n\t\t","protected":false},"excerpt":{"rendered":"<p>Licen\u00e7as M\u00e9dicas Avisos sobre Atestados e Licen\u00e7as M\u00e9dicas Fique de olho! De acordo com a Resolu\u00e7\u00e3o TCDF n\u00ba 258\/2013, a apresenta\u00e7\u00e3o dos Atestados M\u00e9dicos deve se dar em at\u00e9 24 horas a partir da data de in\u00edcio do afastamento.Em caso de d\u00favidas, entre em contato pelo Ramal 269, pelo Whatsapp ou E-mail: dsaud@tc.df.gov.brVoc\u00ea pode consultar suas licen\u00e7as m\u00e9dicas por meio do Portal do Servidor (e-Gesp), acess\u00edvel pelo link abaixo.Clique aqui!<\/p>\n","protected":false},"author":1252,"featured_media":0,"parent":554,"menu_order":0,"comment_status":"closed","ping_status":"closed","template":"elementor_header_footer","meta":{"_monsterinsights_skip_tracking":false,"_monsterinsights_sitenote_active":false,"_monsterinsights_sitenote_note":"","_monsterinsights_sitenote_category":0,"footnotes":""},"class_list":["post-547","page","type-page","status-publish","hentry"],"acf":[],"_links":{"self":[{"href":"https:\/\/unidades.tc.df.gov.br\/dsaud\/wp-json\/wp\/v2\/pages\/547","targetHints":{"allow":["GET"]}}],"collection":[{"href":"https:\/\/unidades.tc.df.gov.br\/dsaud\/wp-json\/wp\/v2\/pages"}],"about":[{"href":"https:\/\/unidades.tc.df.gov.br\/dsaud\/wp-json\/wp\/v2\/types\/page"}],"author":[{"embeddable":true,"href":"https:\/\/unidades.tc.df.gov.br\/dsaud\/wp-json\/wp\/v2\/users\/1252"}],"replies":[{"embeddable":true,"href":"https:\/\/unidades.tc.df.gov.br\/dsaud\/wp-json\/wp\/v2\/comments?post=547"}],"version-history":[{"count":42,"href":"https:\/\/unidades.tc.df.gov.br\/dsaud\/wp-json\/wp\/v2\/pages\/547\/revisions"}],"predecessor-version":[{"id":4087,"href":"https:\/\/unidades.tc.df.gov.br\/dsaud\/wp-json\/wp\/v2\/pages\/547\/revisions\/4087"}],"up":[{"embeddable":true,"href":"https:\/\/unidades.tc.df.gov.br\/dsaud\/wp-json\/wp\/v2\/pages\/554"}],"wp:attachment":[{"href":"https:\/\/unidades.tc.df.gov.br\/dsaud\/wp-json\/wp\/v2\/media?parent=547"}],"curies":[{"name":"wp","href":"https:\/\/api.w.org\/{rel}","templated":true}]}}