{"id":2683,"date":"2024-08-13T17:01:43","date_gmt":"2024-08-13T20:01:43","guid":{"rendered":"https:\/\/unidades.tc.df.gov.br\/dsaud\/?page_id=2683"},"modified":"2025-08-08T13:34:44","modified_gmt":"2025-08-08T16:34:44","slug":"servicos-nutricao","status":"publish","type":"page","link":"https:\/\/unidades.tc.df.gov.br\/dsaud\/servicos\/servicos-nutricao\/","title":{"rendered":"Nutri\u00e7\u00e3o"},"content":{"rendered":"\t\t<div data-elementor-type=\"wp-page\" data-elementor-id=\"2683\" class=\"elementor elementor-2683\">\n\t\t\t\t<div class=\"elementor-element elementor-element-888a3da e-flex e-con-boxed wpr-particle-no wpr-jarallax-no wpr-parallax-no wpr-sticky-section-no e-con e-parent\" data-id=\"888a3da\" data-element_type=\"container\" data-e-type=\"container\" data-settings=\"{&quot;background_background&quot;:&quot;classic&quot;}\">\n\t\t\t\t\t<div class=\"e-con-inner\">\n\t\t\t\t<div class=\"elementor-element elementor-element-2c31528 elementor-widget elementor-widget-spacer\" data-id=\"2c31528\" data-element_type=\"widget\" data-e-type=\"widget\" data-widget_type=\"spacer.default\">\n\t\t\t\t\t\t\t<div class=\"elementor-spacer\">\n\t\t\t<div class=\"elementor-spacer-inner\"><\/div>\n\t\t<\/div>\n\t\t\t\t\t\t<\/div>\n\t\t\t\t<div class=\"elementor-element elementor-element-fe94838 elementor-widget elementor-widget-heading\" data-id=\"fe94838\" data-element_type=\"widget\" data-e-type=\"widget\" data-widget_type=\"heading.default\">\n\t\t\t\t\t<h2 class=\"elementor-heading-title elementor-size-default\">Nutri\u00e7\u00e3o<\/h2>\t\t\t\t<\/div>\n\t\t\t\t<div class=\"elementor-element elementor-element-34e3472 elementor-widget elementor-widget-spacer\" data-id=\"34e3472\" data-element_type=\"widget\" data-e-type=\"widget\" data-widget_type=\"spacer.default\">\n\t\t\t\t\t\t\t<div class=\"elementor-spacer\">\n\t\t\t<div class=\"elementor-spacer-inner\"><\/div>\n\t\t<\/div>\n\t\t\t\t\t\t<\/div>\n\t\t\t\t\t<\/div>\n\t\t\t\t<\/div>\n\t\t<div class=\"elementor-element elementor-element-670715f6 e-flex e-con-boxed wpr-particle-no wpr-jarallax-no wpr-parallax-no wpr-sticky-section-no e-con e-parent\" data-id=\"670715f6\" data-element_type=\"container\" data-e-type=\"container\">\n\t\t\t\t\t<div class=\"e-con-inner\">\n\t\t\t\t<div class=\"elementor-element elementor-element-5dc7f208 elementor-widget elementor-widget-text-editor\" data-id=\"5dc7f208\" data-element_type=\"widget\" data-e-type=\"widget\" data-widget_type=\"text-editor.default\">\n\t\t\t\t\t\t\t\t\t<div class=\"servicos-container\">\n    <div class=\"servicos-layout\">\n        \n        <main class=\"main-content\">\n            <div class=\"breadcrumbs\">\n                <a href=\"https:\/\/unidades.tc.df.gov.br\/dsaud\/\">P\u00e1gina inicial<\/a> &gt;\n                <a href=\"https:\/\/unidades.tc.df.gov.br\/dsaud\/servicos\/\">Servi\u00e7os<\/a> &gt;\n                <a href=\"https:\/\/unidades.tc.df.gov.br\/dsaud\/servicos\/servicos-nutricao\">Nutri\u00e7\u00e3o<\/a>\n            <\/div>\n\n            <h1>Servi\u00e7os prestados pelo Nutricionista<\/h1>\n\n            <h3>Tratamento Dietoter\u00e1pico<\/h3>\n            <p>O acompanhamento nutricional \u00e9 focado em diversas \u00e1reas para promover sua sa\u00fade e bem-estar, incluindo:<\/p>\n            <ul class=\"servicos-lista\">\n                <li>Obesidade e excesso de peso<\/li>\n                <li>Emagrecimento saud\u00e1vel<\/li>\n                <li>Pacientes com diabetes e pr\u00e9-diabetes<\/li>\n                <li>Ganho de massa magra<\/li>\n                <li>Melhoria na performance esportiva<\/li>\n            <\/ul>\n\n            <hr>\n\n            <h3>Educa\u00e7\u00e3o Nutricional<\/h3>\n            <p>Al\u00e9m dos tratamentos, oferecemos orienta\u00e7\u00e3o para uma rela\u00e7\u00e3o mais saud\u00e1vel e consciente com a alimenta\u00e7\u00e3o, promovendo mudan\u00e7as de h\u00e1bitos duradouras.<\/p>\n\n        <\/main>\n        \n        <aside class=\"sidebar-content\">\n            <div class=\"card-profissionais\">\n                <h4>Nosso Profissional<\/h4>\n                <p>Conhe\u00e7a o nutricionista da nossa equipe, pronto para te ajudar a alcan\u00e7ar seus objetivos de sa\u00fade.<\/p>\n                <a href=\"https:\/\/unidades.tc.df.gov.br\/dsaud\/profissionais\/#1718988810833-dd1fcbd8-4d5d\" class=\"btn-profissionais\">Conhecer o Nutricionista<\/a>\n            <\/div>\n        <\/aside>\n\n    <\/div>\n<\/div>\t\t\t\t\t\t\t\t<\/div>\n\t\t\t\t\t<\/div>\n\t\t\t\t<\/div>\n\t\t\t\t<\/div>\n\t\t","protected":false},"excerpt":{"rendered":"<p>Nutri\u00e7\u00e3o P\u00e1gina inicial &gt; Servi\u00e7os &gt; Nutri\u00e7\u00e3o Servi\u00e7os prestados pelo Nutricionista Tratamento Dietoter\u00e1pico O acompanhamento nutricional \u00e9 focado em diversas \u00e1reas para promover sua sa\u00fade e bem-estar, incluindo: Obesidade e excesso de peso Emagrecimento saud\u00e1vel Pacientes com diabetes e pr\u00e9-diabetes Ganho de massa magra Melhoria na performance esportiva Educa\u00e7\u00e3o Nutricional Al\u00e9m dos tratamentos, oferecemos orienta\u00e7\u00e3o para uma rela\u00e7\u00e3o mais saud\u00e1vel e consciente com a alimenta\u00e7\u00e3o, promovendo mudan\u00e7as de h\u00e1bitos duradouras. Nosso Profissional Conhe\u00e7a o nutricionista da nossa equipe, pronto para te ajudar a alcan\u00e7ar seus objetivos de sa\u00fade. Conhecer o Nutricionista<\/p>\n","protected":false},"author":242,"featured_media":2781,"parent":1786,"menu_order":1,"comment_status":"closed","ping_status":"closed","template":"elementor_header_footer","meta":{"_monsterinsights_skip_tracking":false,"_monsterinsights_sitenote_active":false,"_monsterinsights_sitenote_note":"","_monsterinsights_sitenote_category":0,"footnotes":""},"class_list":["post-2683","page","type-page","status-publish","has-post-thumbnail","hentry"],"acf":[],"_links":{"self":[{"href":"https:\/\/unidades.tc.df.gov.br\/dsaud\/wp-json\/wp\/v2\/pages\/2683","targetHints":{"allow":["GET"]}}],"collection":[{"href":"https:\/\/unidades.tc.df.gov.br\/dsaud\/wp-json\/wp\/v2\/pages"}],"about":[{"href":"https:\/\/unidades.tc.df.gov.br\/dsaud\/wp-json\/wp\/v2\/types\/page"}],"author":[{"embeddable":true,"href":"https:\/\/unidades.tc.df.gov.br\/dsaud\/wp-json\/wp\/v2\/users\/242"}],"replies":[{"embeddable":true,"href":"https:\/\/unidades.tc.df.gov.br\/dsaud\/wp-json\/wp\/v2\/comments?post=2683"}],"version-history":[{"count":20,"href":"https:\/\/unidades.tc.df.gov.br\/dsaud\/wp-json\/wp\/v2\/pages\/2683\/revisions"}],"predecessor-version":[{"id":3898,"href":"https:\/\/unidades.tc.df.gov.br\/dsaud\/wp-json\/wp\/v2\/pages\/2683\/revisions\/3898"}],"up":[{"embeddable":true,"href":"https:\/\/unidades.tc.df.gov.br\/dsaud\/wp-json\/wp\/v2\/pages\/1786"}],"wp:featuredmedia":[{"embeddable":true,"href":"https:\/\/unidades.tc.df.gov.br\/dsaud\/wp-json\/wp\/v2\/media\/2781"}],"wp:attachment":[{"href":"https:\/\/unidades.tc.df.gov.br\/dsaud\/wp-json\/wp\/v2\/media?parent=2683"}],"curies":[{"name":"wp","href":"https:\/\/api.w.org\/{rel}","templated":true}]}}