{"id":25,"date":"2014-11-21T14:58:05","date_gmt":"2014-11-21T14:58:05","guid":{"rendered":"http:\/\/themes.muffingroup.com\/be\/medic\/?page_id=25"},"modified":"2026-05-04T17:11:21","modified_gmt":"2026-05-04T20:11:21","slug":"escala-de-atendimentos","status":"publish","type":"page","link":"https:\/\/unidades.tc.df.gov.br\/dsaud\/escala-de-atendimentos\/","title":{"rendered":"Escala de Atendimentos"},"content":{"rendered":"\t\t<div data-elementor-type=\"wp-page\" data-elementor-id=\"25\" class=\"elementor elementor-25\">\n\t\t\t\t<div class=\"elementor-element elementor-element-ac4bcf0 e-flex e-con-boxed wpr-particle-no wpr-jarallax-no wpr-parallax-no wpr-sticky-section-no e-con e-parent\" data-id=\"ac4bcf0\" data-element_type=\"container\" data-e-type=\"container\" data-settings=\"{&quot;background_background&quot;:&quot;classic&quot;}\">\n\t\t\t\t\t<div class=\"e-con-inner\">\n\t\t\t\t<div class=\"elementor-element elementor-element-f69759f elementor-widget elementor-widget-heading\" data-id=\"f69759f\" data-element_type=\"widget\" data-e-type=\"widget\" data-widget_type=\"heading.default\">\n\t\t\t\t\t<h2 class=\"elementor-heading-title elementor-size-default\">Escala de Atendimentos<\/h2>\t\t\t\t<\/div>\n\t\t\t\t\t<\/div>\n\t\t\t\t<\/div>\n\t\t<div class=\"elementor-element elementor-element-50f1ac9 e-flex e-con-boxed wpr-particle-no wpr-jarallax-no wpr-parallax-no wpr-sticky-section-no e-con e-parent\" data-id=\"50f1ac9\" data-element_type=\"container\" data-e-type=\"container\">\n\t\t\t\t\t<div class=\"e-con-inner\">\n\t\t\t\t<div class=\"elementor-element elementor-element-2ba4e15 elementor-widget elementor-widget-text-editor\" data-id=\"2ba4e15\" data-element_type=\"widget\" data-e-type=\"widget\" data-widget_type=\"text-editor.default\">\n\t\t\t\t\t\t\t\t\t<div class=\"breadcrumbs\"><a href=\"https:\/\/unidades.tc.df.gov.br\/dsaud\/\">P\u00e1gina inicial<\/a> &gt; Escala de Atendimentos<\/div>\t\t\t\t\t\t\t\t<\/div>\n\t\t\t\t<div class=\"elementor-element elementor-element-144b770 elementor-widget elementor-widget-heading\" data-id=\"144b770\" data-element_type=\"widget\" data-e-type=\"widget\" data-widget_type=\"heading.default\">\n\t\t\t\t\t<h2 class=\"elementor-heading-title elementor-size-default\"><br>Escala dos profissionais de sa\u00fade<\/h2>\t\t\t\t<\/div>\n\t\t\t\t\t<\/div>\n\t\t\t\t<\/div>\n\t\t<div class=\"elementor-element elementor-element-71c7996f e-flex e-con-boxed wpr-particle-no wpr-jarallax-no wpr-parallax-no wpr-sticky-section-no e-con e-parent\" data-id=\"71c7996f\" data-element_type=\"container\" data-e-type=\"container\">\n\t\t\t\t\t<div class=\"e-con-inner\">\n\t\t\t\t<div class=\"elementor-element elementor-element-1e22bc2a elementor-widget elementor-widget-text-editor\" data-id=\"1e22bc2a\" data-element_type=\"widget\" data-e-type=\"widget\" data-widget_type=\"text-editor.default\">\n\t\t\t\t\t\t\t\t\t<div class=\"escala-container\"><h2>Escala M\u00e9dica (04 a 08 de maio de 2026)<\/h2><div class=\"escala-tabela-wrapper\"><table class=\"escala-tabela\" style=\"height: 376px\" width=\"602\"><thead><tr><th>Hor\u00e1rio<\/th><th>Segunda<\/th><th>Ter\u00e7a<\/th><th>Quarta<\/th><th>Quinta<\/th><th>Sexta<\/th><\/tr><\/thead><tbody><tr><td><strong>8h \u00e0s 13h30<\/strong><\/td><td><p>Dr\u00aa Cl\u00e1udia Gurgel (Per\u00edcia)<\/p><p>Dr\u00aa Marcela (Per\u00edcia)<\/p><p>Dr\u00aa Christina\u00a0<\/p><p>\u00a0<\/p><\/td><td><p>Dr\u00aa Cl\u00e1udia Gurgel<\/p><p>Dr Volpi<\/p><p>Dr\u00aa Cl\u00e1udia Roriz<\/p><\/td><td><p>Dr\u00aa Marcela<\/p><p>Dr\u00aa Christina<\/p><\/td><td><p>Dr Volpi<\/p><p>Dr\u00aa Cl\u00e1udia Roriz<\/p><p>Dr\u00aa Christina<\/p><\/td><td><p>Dr\u00aa Christina<\/p><p>Dr\u00aa Cl\u00e1udia Roriz<\/p><p>Dr Volpi<\/p><p>\u00a0<\/p><\/td><\/tr><tr><td><strong>13h30 \u00e0s 19h<\/strong><\/td><td><p>Dr Volpi<\/p><p>Dr\u00aa Cl\u00e1udia Roriz<\/p><\/td><td><p>Dr\u00aa Marcela<\/p><p>Dr\u00aa Christina<\/p><\/td><td><p>Dr\u00aa Cl\u00e1udia Roriz<\/p><p>Dr Volpi<\/p><\/td><td><p>Dr\u00aa Marcela<\/p><p>Dr Thiago<\/p><p>\u00a0<\/p><\/td><td><p>Dr\u00aa Marcela<\/p><p>Dr Thiago<\/p><\/td><\/tr><\/tbody><\/table><\/div><p>Dr. Thiago &#8211; F\u00e9rias &#8211; 27\/04 a 06\/05\/2026.<\/p><p>Dr\u00aa Cl\u00e1udia Gurgel &#8211; F\u00e9rias &#8211; 06\/05 a 15\/05\/2026.<\/p><p class=\"info-paragraph\"><strong>Especialidades dispon\u00edveis:<\/strong> cl\u00ednica-geral, cardiologia, dermatologia, endocrinologia, gastroenterologia e ginecologia e obstetr\u00edcia. Atendimento conforme lista de espera. <strong>Os atendimentos podem sofrer altera\u00e7\u00f5es nos dias em que h\u00e1 per\u00edcia agendada.<\/strong><\/p><p class=\"info-paragraph\">Em caso de d\u00favidas, entre em contato pelo ramal 269 ou pelo celular <a href=\"https:\/\/wa.me\/c\/556182146886\">98214 6886<\/a>.<\/p><h2>Escala Odont\u00f3logos ( 13 de abril a junho &#8211; Atendimento suspenso &#8211;\u00a0 Reforma)<\/h2><div class=\"escala-tabela-wrapper\"><table class=\"escala-tabela\"><thead><tr><th>Hor\u00e1rio<\/th><th>Segunda<\/th><th>Ter\u00e7a<\/th><th>Quarta<\/th><th>Quinta<\/th><th>Sexta<\/th><\/tr><\/thead><tbody><tr><td><strong>8h \u00e0s 14h<\/strong><\/td><td><p>&#8212;&#8212;&#8212;&#8212;<\/p><\/td><td><p>&#8212;&#8212;&#8212;&#8212;<\/p><\/td><td><p>&#8212;&#8212;&#8212;&#8212;<\/p><\/td><td><p>&#8212;&#8212;&#8212;&#8212;<\/p><\/td><td><p>&#8212;&#8212;&#8212;&#8212;<\/p><\/td><\/tr><tr><td><strong>13h \u00e0s 19h<\/strong><\/td><td><p>&#8212;&#8212;&#8212;&#8212;<\/p><\/td><td><p>&#8212;&#8212;&#8212;&#8211;<\/p><\/td><td><p>&#8212;&#8212;&#8212;&#8212;<\/p><\/td><td><p>&#8212;&#8212;&#8212;&#8212;&#8211;<\/p><\/td><td><hr \/><p>&#8212;&#8212;&#8212;&#8212;<\/p><\/td><\/tr><\/tbody><\/table><\/div><p class=\"info-paragraph\"><strong>Servi\u00e7os oferecidos:<\/strong> restaura\u00e7\u00f5es, profilaxia, odontopediatria, endodontia e clareamento*. *Para a realiza\u00e7\u00e3o de clareamento, <a href=\"https:\/\/unidades.tc.df.gov.br\/dsaud\/servicos\/odontologia\/\"><strong>\u00e9 necess\u00e1rio o paciente trazer o material<\/strong><\/a>.<\/p><p class=\"info-paragraph\">Para marca\u00e7\u00e3o de consultas, entre em contato pelo Ramal 269 ou pelo celular <a href=\"https:\/\/wa.me\/c\/556182146886\">98214 6886<\/a> (Whatsapp).<\/p><h2>Escala do Nutricionista<\/h2><div class=\"escala-tabela-wrapper\"><table class=\"escala-tabela\" style=\"height: 138px\" width=\"551\"><thead><tr><th>Hor\u00e1rio<\/th><th>Segunda<\/th><th>Ter\u00e7a<\/th><th>Quarta<\/th><th>Quinta<\/th><th>Sexta<\/th><\/tr><\/thead><tbody><tr><td><strong>13h \u00e0s 19h<\/strong><\/td><td><p>Dr. Felipe<\/p><\/td><td><p>Dr. Felipe<\/p><p>(Teletrabalho)\u00a0<\/p><\/td><td>Dr. Felipe<\/td><td>Dr. Felipe<\/td><td>Dr. Felipe<\/td><\/tr><\/tbody><\/table><\/div><p class=\"info-paragraph right-aligned\"><strong>Atendimentos:<\/strong> primeira consulta, retorno ou entrega de plano. Para agendar um atendimento, <a href=\"https:\/\/unidades.tc.df.gov.br\/dsaud\/solicitar-agendamento\">clique aqui<\/a> ou selecione a op\u00e7\u00e3o &#8220;Agendamento (novo)&#8221;, no menu principal.<\/p><h2>Escala de Psicologia<\/h2><table class=\"escala-tabela\"><thead><tr><th>Hor\u00e1rio<\/th><th>Segunda<\/th><th>Ter\u00e7a<\/th><th>Quarta<\/th><th>Quinta<\/th><th>Sexta<\/th><\/tr><\/thead><tbody><tr><td><strong>8h \u00e0s 14h<\/strong><\/td><td><p>Dr\u00aa Ana Beatriz<\/p><p>Dr\u00aa Daniela<\/p><\/td><td><p>Dr. Isac<\/p><p><span class=\"teletrabalho-note\">(Teletrabalho)<\/span><\/p><p>Dr\u00aa Daniela<\/p><\/td><td><p>Dr\u00aa Daniela<\/p><p>Dr\u00aa Renata<\/p><p><span class=\"teletrabalho-note\">(Teletrabalho)<\/span><\/p><\/td><td><p>Dr\u00aa Daniela<\/p><p>Dr\u00aa Renata<\/p><p><span class=\"teletrabalho-note\">(Teletrabalho)<\/span><\/p><\/td><td><p>Dr\u00aa Ana Beatriz<\/p><p>Dr\u00aa Renata<\/p><\/td><\/tr><tr><td><strong>13h \u00e0s 19h<\/strong><\/td><td><p>Dr\u00aa Renata<\/p><p>Dr. Isac<\/p><\/td><td><p>Dr\u00aa Renata<\/p><p>Dr\u00aa Ana Beatriz<\/p><\/td><td><p>Dr. Isac<\/p><p>Dr\u00aa Ana Beatriz<\/p><\/td><td><p>Dr. Isac<\/p><p>Dr\u00aa Ana Beatriz<\/p><\/td><td><p>Dr. Isac<\/p><p><span class=\"teletrabalho-note\">(Teletrabalho)<\/span><\/p><p>Dr\u00aa Daniela<\/p><\/td><\/tr><\/tbody><\/table><div>\u00a0<\/div><div>\u00a0<\/div><div class=\"escala-tabela-wrapper\"><strong>Atendimentos:<\/strong> psicoterapia de adolescentes e adultos, nas abordagens cognitivo-comportamental e gestalt-terapia. Para agendar um atendimento, entre em contato pelo Ramal 269 ou pelo celular <a href=\"https:\/\/wa.me\/c\/556182146886\">98214 6886<\/a>.<\/div><\/div>\t\t\t\t\t\t\t\t<\/div>\n\t\t\t\t\t<\/div>\n\t\t\t\t<\/div>\n\t\t\t\t<\/div>\n\t\t","protected":false},"excerpt":{"rendered":"<p>Escala de Atendimentos P\u00e1gina inicial &gt; Escala de Atendimentos Escala dos profissionais de sa\u00fade Escala M\u00e9dica (04 a 08 de maio de 2026) Hor\u00e1rio Segunda Ter\u00e7a Quarta Quinta Sexta 8h \u00e0s 13h30 Dr\u00aa Cl\u00e1udia Gurgel (Per\u00edcia) Dr\u00aa Marcela (Per\u00edcia) Dr\u00aa Christina\u00a0 \u00a0 Dr\u00aa Cl\u00e1udia Gurgel Dr Volpi Dr\u00aa Cl\u00e1udia Roriz Dr\u00aa Marcela Dr\u00aa Christina Dr Volpi Dr\u00aa Cl\u00e1udia Roriz Dr\u00aa Christina Dr\u00aa Christina Dr\u00aa Cl\u00e1udia Roriz Dr Volpi \u00a0 13h30 \u00e0s 19h Dr Volpi Dr\u00aa Cl\u00e1udia Roriz Dr\u00aa Marcela Dr\u00aa Christina Dr\u00aa Cl\u00e1udia Roriz Dr Volpi Dr\u00aa Marcela Dr Thiago \u00a0 Dr\u00aa Marcela Dr Thiago Dr. Thiago &#8211; F\u00e9rias &#8211; 27\/04 a 06\/05\/2026. Dr\u00aa Cl\u00e1udia Gurgel &#8211; F\u00e9rias &#8211; 06\/05 a 15\/05\/2026. Especialidades dispon\u00edveis: cl\u00ednica-geral, cardiologia, dermatologia, endocrinologia, gastroenterologia e ginecologia e obstetr\u00edcia. Atendimento conforme lista de espera. Os atendimentos podem sofrer altera\u00e7\u00f5es nos dias em que h\u00e1 per\u00edcia agendada. Em caso de d\u00favidas, entre em contato pelo ramal 269 ou pelo celular 98214 6886. Escala Odont\u00f3logos ( 13 de abril a junho &#8211; Atendimento suspenso &#8211;\u00a0 Reforma) Hor\u00e1rio Segunda Ter\u00e7a Quarta Quinta Sexta 8h \u00e0s 14h &#8212;&#8212;&#8212;&#8212; &#8212;&#8212;&#8212;&#8212; &#8212;&#8212;&#8212;&#8212; &#8212;&#8212;&#8212;&#8212; &#8212;&#8212;&#8212;&#8212; 13h \u00e0s 19h &#8212;&#8212;&#8212;&#8212; &#8212;&#8212;&#8212;&#8211; &#8212;&#8212;&#8212;&#8212; &#8212;&#8212;&#8212;&#8212;&#8211; &#8212;&#8212;&#8212;&#8212; Servi\u00e7os oferecidos: restaura\u00e7\u00f5es, profilaxia, odontopediatria, endodontia e clareamento*. *Para a realiza\u00e7\u00e3o de clareamento, \u00e9 necess\u00e1rio o paciente trazer o material. Para marca\u00e7\u00e3o de consultas, entre em contato pelo Ramal 269 ou pelo celular 98214 6886 (Whatsapp). Escala do Nutricionista Hor\u00e1rio Segunda Ter\u00e7a Quarta Quinta Sexta 13h \u00e0s 19h Dr. Felipe Dr. Felipe (Teletrabalho)\u00a0 Dr. Felipe Dr. Felipe Dr. Felipe Atendimentos: primeira consulta, retorno ou entrega de plano. Para agendar um atendimento, clique aqui ou selecione a op\u00e7\u00e3o &#8220;Agendamento (novo)&#8221;, no menu principal. Escala de Psicologia Hor\u00e1rio Segunda Ter\u00e7a Quarta Quinta Sexta 8h \u00e0s 14h Dr\u00aa Ana Beatriz Dr\u00aa Daniela Dr. Isac (Teletrabalho) Dr\u00aa Daniela Dr\u00aa Daniela Dr\u00aa Renata (Teletrabalho) Dr\u00aa Daniela Dr\u00aa Renata (Teletrabalho) Dr\u00aa Ana Beatriz Dr\u00aa Renata 13h \u00e0s 19h Dr\u00aa Renata Dr. Isac Dr\u00aa Renata Dr\u00aa Ana Beatriz Dr. Isac Dr\u00aa Ana Beatriz Dr. Isac Dr\u00aa Ana Beatriz Dr. Isac (Teletrabalho) Dr\u00aa Daniela \u00a0\u00a0Atendimentos: psicoterapia de adolescentes e adultos, nas abordagens cognitivo-comportamental e gestalt-terapia. Para agendar um atendimento, entre em contato pelo Ramal 269 ou pelo celular 98214 6886.<\/p>\n","protected":false},"author":11,"featured_media":2752,"parent":0,"menu_order":0,"comment_status":"open","ping_status":"open","template":"elementor_header_footer","meta":{"_monsterinsights_skip_tracking":false,"_monsterinsights_sitenote_active":false,"_monsterinsights_sitenote_note":"","_monsterinsights_sitenote_category":0,"footnotes":""},"class_list":["post-25","page","type-page","status-publish","has-post-thumbnail","hentry"],"acf":[],"_links":{"self":[{"href":"https:\/\/unidades.tc.df.gov.br\/dsaud\/wp-json\/wp\/v2\/pages\/25","targetHints":{"allow":["GET"]}}],"collection":[{"href":"https:\/\/unidades.tc.df.gov.br\/dsaud\/wp-json\/wp\/v2\/pages"}],"about":[{"href":"https:\/\/unidades.tc.df.gov.br\/dsaud\/wp-json\/wp\/v2\/types\/page"}],"author":[{"embeddable":true,"href":"https:\/\/unidades.tc.df.gov.br\/dsaud\/wp-json\/wp\/v2\/users\/11"}],"replies":[{"embeddable":true,"href":"https:\/\/unidades.tc.df.gov.br\/dsaud\/wp-json\/wp\/v2\/comments?post=25"}],"version-history":[{"count":680,"href":"https:\/\/unidades.tc.df.gov.br\/dsaud\/wp-json\/wp\/v2\/pages\/25\/revisions"}],"predecessor-version":[{"id":4412,"href":"https:\/\/unidades.tc.df.gov.br\/dsaud\/wp-json\/wp\/v2\/pages\/25\/revisions\/4412"}],"wp:featuredmedia":[{"embeddable":true,"href":"https:\/\/unidades.tc.df.gov.br\/dsaud\/wp-json\/wp\/v2\/media\/2752"}],"wp:attachment":[{"href":"https:\/\/unidades.tc.df.gov.br\/dsaud\/wp-json\/wp\/v2\/media?parent=25"}],"curies":[{"name":"wp","href":"https:\/\/api.w.org\/{rel}","templated":true}]}}