{"id":2372,"date":"2023-11-06T15:46:51","date_gmt":"2023-11-06T18:46:51","guid":{"rendered":"https:\/\/unidades.tc.df.gov.br\/dsaud\/?page_id=2372"},"modified":"2025-08-11T13:45:48","modified_gmt":"2025-08-11T16:45:48","slug":"exame-periodico","status":"publish","type":"page","link":"https:\/\/unidades.tc.df.gov.br\/dsaud\/servicos\/medicina\/exame-periodico\/","title":{"rendered":"Exame peri\u00f3dico"},"content":{"rendered":"\t\t<div data-elementor-type=\"wp-page\" data-elementor-id=\"2372\" class=\"elementor elementor-2372\">\n\t\t\t\t<div class=\"elementor-element elementor-element-d024c83 e-flex e-con-boxed wpr-particle-no wpr-jarallax-no wpr-parallax-no wpr-sticky-section-no e-con e-parent\" data-id=\"d024c83\" data-element_type=\"container\" data-e-type=\"container\" data-settings=\"{&quot;background_background&quot;:&quot;classic&quot;}\">\n\t\t\t\t\t<div class=\"e-con-inner\">\n\t\t\t\t<div class=\"elementor-element elementor-element-84c886c elementor-widget elementor-widget-spacer\" data-id=\"84c886c\" data-element_type=\"widget\" data-e-type=\"widget\" data-widget_type=\"spacer.default\">\n\t\t\t\t\t\t\t<div class=\"elementor-spacer\">\n\t\t\t<div class=\"elementor-spacer-inner\"><\/div>\n\t\t<\/div>\n\t\t\t\t\t\t<\/div>\n\t\t\t\t<div class=\"elementor-element elementor-element-4948bcb elementor-widget elementor-widget-heading\" data-id=\"4948bcb\" data-element_type=\"widget\" data-e-type=\"widget\" data-widget_type=\"heading.default\">\n\t\t\t\t\t<h1 class=\"elementor-heading-title elementor-size-default\">Exame peri\u00f3dico<\/h1>\t\t\t\t<\/div>\n\t\t\t\t<div class=\"elementor-element elementor-element-f92e14f elementor-widget elementor-widget-spacer\" data-id=\"f92e14f\" data-element_type=\"widget\" data-e-type=\"widget\" data-widget_type=\"spacer.default\">\n\t\t\t\t\t\t\t<div class=\"elementor-spacer\">\n\t\t\t<div class=\"elementor-spacer-inner\"><\/div>\n\t\t<\/div>\n\t\t\t\t\t\t<\/div>\n\t\t\t\t\t<\/div>\n\t\t\t\t<\/div>\n\t\t<div class=\"elementor-element elementor-element-05d9a2a e-con-full e-flex wpr-particle-no wpr-jarallax-no wpr-parallax-no wpr-sticky-section-no e-con e-parent\" data-id=\"05d9a2a\" data-element_type=\"container\" data-e-type=\"container\" data-settings=\"{&quot;background_background&quot;:&quot;classic&quot;}\">\n\t\t<div class=\"elementor-element elementor-element-01b70ee e-con-full e-flex wpr-particle-no wpr-jarallax-no wpr-parallax-no wpr-sticky-section-no e-con e-child\" data-id=\"01b70ee\" data-element_type=\"container\" data-e-type=\"container\">\n\t\t\t\t<div class=\"elementor-element elementor-element-4a9e806 elementor-widget elementor-widget-text-editor\" data-id=\"4a9e806\" data-element_type=\"widget\" data-e-type=\"widget\" data-widget_type=\"text-editor.default\">\n\t\t\t\t\t\t\t\t\t<h1>O que \u00e9<\/h1><p style=\"text-align: left\"><span style=\"font-family: poppins, sans-serif;font-size: 12pt\">S\u00e3o avalia\u00e7\u00f5es m\u00e9dicas realizadas <span style=\"color: #ff0000\"><strong>anualmente<\/strong><\/span>, visando acompanhar o estado de sa\u00fade dos servidores, identificar riscos e prestar informa\u00e7\u00f5es.<\/span><\/p><p><span style=\"font-family: poppins, sans-serif;font-size: 12pt\">Ou seja, \u00e9 uma maneira eficaz de <span style=\"color: #ff0000\"><strong>prevenir<\/strong> <\/span>doen\u00e7as e se cuidar.<\/span><\/p><p><span style=\"font-family: poppins, sans-serif;font-size: 12pt\">Para saber se o seu peri\u00f3dico est\u00e1 em dia, <b>entre em contato conosco.<\/b><\/span><\/p><p>[vc_wp_text title=&#8221;Contato&#8221;]<strong><span style=\"font-family: poppins, sans-serif;font-size: 12pt\"><img decoding=\"async\" class=\" wp-image-2151 alignleft\" src=\"https:\/\/unidades.tc.df.gov.br\/dsaud\/wp-content\/uploads\/sites\/23\/2023\/08\/6-whatsapp-icone-pb.jpg\" alt=\"\" width=\"100\" height=\"106\" \/>Solicite por telefone (<em>WhatsApp<\/em>)<\/span><\/strong><\/p><p><span style=\"font-family: poppins, sans-serif;font-size: 12pt\">Caso seu exame peri\u00f3dico esteja desatualizado, solicite a emiss\u00e3o de um pedido m\u00e9dico pelo <em>Whatsapp<\/em>, clicando <a href=\"https:\/\/wa.me\/message\/24V53HP32OPKM1?src=qr\">aqui<\/a> ou acessando o QRCode ao lado. <strong>Simples assim!<\/strong><\/span><\/p><p>\u00a0<\/p><p><strong><span style=\"font-family: poppins, sans-serif;font-size: 12pt\"><img decoding=\"async\" class=\"wp-image-2153 alignleft\" src=\"https:\/\/unidades.tc.df.gov.br\/dsaud\/wp-content\/uploads\/sites\/23\/2023\/08\/482138.png\" alt=\"\" width=\"100\" height=\"100\" \/>Solicite por <em>e-mail<\/em><\/span><\/strong><\/p><p><span style=\"font-family: poppins, sans-serif;font-size: 12pt\">Voc\u00ea pode solicitar o pedido m\u00e9dico tamb\u00e9m pelo nosso <em>e-mail<\/em>: <a href=\"mailto:dsaud@tc.df.gov.br\"><span style=\"color: #0000ff\">dsaud@tc.df.gov.br<\/span><\/a><\/span><\/p><p><span style=\"font-family: poppins, sans-serif;font-size: 12pt\">Nossa equipe entrar\u00e1 em contato para combinar a melhor forma de lhe entregar esse pedido.<\/span><\/p><p><span style=\"font-family: poppins, sans-serif;font-size: 12pt\">Mantenha seu peri\u00f3dico atualizado! <\/span><span style=\"font-family: poppins, sans-serif;font-size: 12pt\"><span style=\"color: #ff0000\"><strong>Sua sa\u00fade agradece<\/strong><\/span>.<\/span><\/p>\t\t\t\t\t\t\t\t<\/div>\n\t\t\t\t<\/div>\n\t\t<div class=\"elementor-element elementor-element-0110975 e-con-full e-flex wpr-particle-no wpr-jarallax-no wpr-parallax-no wpr-sticky-section-no e-con e-child\" data-id=\"0110975\" data-element_type=\"container\" data-e-type=\"container\">\n\t\t\t\t<div class=\"elementor-element elementor-element-22aba10 elementor-widget elementor-widget-text-editor\" data-id=\"22aba10\" data-element_type=\"widget\" data-e-type=\"widget\" data-widget_type=\"text-editor.default\">\n\t\t\t\t\t\t\t\t\t<p><img fetchpriority=\"high\" decoding=\"async\" class=\"wp-image-2269 alignnone\" src=\"https:\/\/unidades.tc.df.gov.br\/dsaud\/wp-content\/uploads\/sites\/23\/2023\/08\/saudemental-01.jpg\" alt=\"\" width=\"450\" height=\"201\" \/><a href=\"https:\/\/wa.me\/message\/24V53HP32OPKM1?src=qr\"><img loading=\"lazy\" decoding=\"async\" class=\"wp-image-2702 aligncenter\" src=\"https:\/\/unidades.tc.df.gov.br\/dsaud\/wp-content\/uploads\/sites\/23\/2024\/08\/w-app-dsaud-qrcode.jpg\" alt=\"\" width=\"450\" height=\"450\" srcset=\"https:\/\/unidades.tc.df.gov.br\/dsaud\/wp-content\/uploads\/sites\/23\/2024\/08\/w-app-dsaud-qrcode.jpg 590w, https:\/\/unidades.tc.df.gov.br\/dsaud\/wp-content\/uploads\/sites\/23\/2024\/08\/w-app-dsaud-qrcode-300x300.jpg 300w, https:\/\/unidades.tc.df.gov.br\/dsaud\/wp-content\/uploads\/sites\/23\/2024\/08\/w-app-dsaud-qrcode-150x150.jpg 150w, https:\/\/unidades.tc.df.gov.br\/dsaud\/wp-content\/uploads\/sites\/23\/2024\/08\/w-app-dsaud-qrcode-420x420.jpg 420w\" sizes=\"(max-width: 450px) 100vw, 450px\" \/><\/a><\/p>\t\t\t\t\t\t\t\t<\/div>\n\t\t\t\t<\/div>\n\t\t\t\t<\/div>\n\t\t\t\t<\/div>\n\t\t","protected":false},"excerpt":{"rendered":"<p>Exame peri\u00f3dico O que \u00e9 S\u00e3o avalia\u00e7\u00f5es m\u00e9dicas realizadas anualmente, visando acompanhar o estado de sa\u00fade dos servidores, identificar riscos e prestar informa\u00e7\u00f5es. Ou seja, \u00e9 uma maneira eficaz de prevenir doen\u00e7as e se cuidar. Para saber se o seu peri\u00f3dico est\u00e1 em dia, entre em contato conosco. [vc_wp_text title=&#8221;Contato&#8221;]Solicite por telefone (WhatsApp) Caso seu exame peri\u00f3dico esteja desatualizado, solicite a emiss\u00e3o de um pedido m\u00e9dico pelo Whatsapp, clicando aqui ou acessando o QRCode ao lado. Simples assim! \u00a0 Solicite por e-mail Voc\u00ea pode solicitar o pedido m\u00e9dico tamb\u00e9m pelo nosso e-mail: dsaud@tc.df.gov.br Nossa equipe entrar\u00e1 em contato para combinar a melhor forma de lhe entregar esse pedido. Mantenha seu peri\u00f3dico atualizado! Sua sa\u00fade agradece.<\/p>\n","protected":false},"author":242,"featured_media":0,"parent":1853,"menu_order":0,"comment_status":"closed","ping_status":"closed","template":"elementor_header_footer","meta":{"_monsterinsights_skip_tracking":false,"_monsterinsights_sitenote_active":false,"_monsterinsights_sitenote_note":"","_monsterinsights_sitenote_category":0,"footnotes":""},"class_list":["post-2372","page","type-page","status-publish","hentry"],"acf":[],"_links":{"self":[{"href":"https:\/\/unidades.tc.df.gov.br\/dsaud\/wp-json\/wp\/v2\/pages\/2372","targetHints":{"allow":["GET"]}}],"collection":[{"href":"https:\/\/unidades.tc.df.gov.br\/dsaud\/wp-json\/wp\/v2\/pages"}],"about":[{"href":"https:\/\/unidades.tc.df.gov.br\/dsaud\/wp-json\/wp\/v2\/types\/page"}],"author":[{"embeddable":true,"href":"https:\/\/unidades.tc.df.gov.br\/dsaud\/wp-json\/wp\/v2\/users\/242"}],"replies":[{"embeddable":true,"href":"https:\/\/unidades.tc.df.gov.br\/dsaud\/wp-json\/wp\/v2\/comments?post=2372"}],"version-history":[{"count":49,"href":"https:\/\/unidades.tc.df.gov.br\/dsaud\/wp-json\/wp\/v2\/pages\/2372\/revisions"}],"predecessor-version":[{"id":4034,"href":"https:\/\/unidades.tc.df.gov.br\/dsaud\/wp-json\/wp\/v2\/pages\/2372\/revisions\/4034"}],"up":[{"embeddable":true,"href":"https:\/\/unidades.tc.df.gov.br\/dsaud\/wp-json\/wp\/v2\/pages\/1853"}],"wp:attachment":[{"href":"https:\/\/unidades.tc.df.gov.br\/dsaud\/wp-json\/wp\/v2\/media?parent=2372"}],"curies":[{"name":"wp","href":"https:\/\/api.w.org\/{rel}","templated":true}]}}