{"id":2306,"date":"2023-09-05T15:14:38","date_gmt":"2023-09-05T18:14:38","guid":{"rendered":"https:\/\/unidades.tc.df.gov.br\/dsaud\/?page_id=2306"},"modified":"2025-08-11T13:55:05","modified_gmt":"2025-08-11T16:55:05","slug":"sobre-a-dsaud","status":"publish","type":"page","link":"https:\/\/unidades.tc.df.gov.br\/dsaud\/institucional\/sobre-a-dsaud\/","title":{"rendered":"Sobre a Dsaud"},"content":{"rendered":"\t\t<div data-elementor-type=\"wp-page\" data-elementor-id=\"2306\" class=\"elementor elementor-2306\">\n\t\t\t\t<div class=\"elementor-element elementor-element-2d92489 e-flex e-con-boxed wpr-particle-no wpr-jarallax-no wpr-parallax-no wpr-sticky-section-no e-con e-parent\" data-id=\"2d92489\" data-element_type=\"container\" data-e-type=\"container\" data-settings=\"{&quot;background_background&quot;:&quot;classic&quot;}\">\n\t\t\t\t\t<div class=\"e-con-inner\">\n\t\t\t\t<div class=\"elementor-element elementor-element-d75c7e4 elementor-widget elementor-widget-spacer\" data-id=\"d75c7e4\" data-element_type=\"widget\" data-e-type=\"widget\" data-widget_type=\"spacer.default\">\n\t\t\t\t\t\t\t<div class=\"elementor-spacer\">\n\t\t\t<div class=\"elementor-spacer-inner\"><\/div>\n\t\t<\/div>\n\t\t\t\t\t\t<\/div>\n\t\t\t\t<div class=\"elementor-element elementor-element-3a03d98 elementor-widget elementor-widget-heading\" data-id=\"3a03d98\" data-element_type=\"widget\" data-e-type=\"widget\" data-widget_type=\"heading.default\">\n\t\t\t\t\t<h1 class=\"elementor-heading-title elementor-size-default\">Sobre a DSAUD<\/h1>\t\t\t\t<\/div>\n\t\t\t\t<div class=\"elementor-element elementor-element-224fe9a elementor-widget elementor-widget-spacer\" data-id=\"224fe9a\" data-element_type=\"widget\" data-e-type=\"widget\" data-widget_type=\"spacer.default\">\n\t\t\t\t\t\t\t<div class=\"elementor-spacer\">\n\t\t\t<div class=\"elementor-spacer-inner\"><\/div>\n\t\t<\/div>\n\t\t\t\t\t\t<\/div>\n\t\t\t\t\t<\/div>\n\t\t\t\t<\/div>\n\t\t<div class=\"elementor-element elementor-element-d3a51f4 e-flex e-con-boxed wpr-particle-no wpr-jarallax-no wpr-parallax-no wpr-sticky-section-no e-con e-parent\" data-id=\"d3a51f4\" data-element_type=\"container\" data-e-type=\"container\">\n\t\t\t\t\t<div class=\"e-con-inner\">\n\t\t\t\t<div class=\"elementor-element elementor-element-ea690e0 elementor-widget elementor-widget-text-editor\" data-id=\"ea690e0\" data-element_type=\"widget\" data-e-type=\"widget\" data-widget_type=\"text-editor.default\">\n\t\t\t\t\t\t\t\t\t<div class=\"escala-container\">\n<div class=\"breadcrumbs\"><a href=\"https:\/\/unidades.tc.df.gov.br\/dsaud\/\">P\u00e1gina inicial<\/a> &gt;\n<a href=\"https:\/\/unidades.tc.df.gov.br\/dsaud\/institucional\/\">Institucional<\/a> &gt;\nSobre a DSAUD<\/div>\n<h2>Dsaud \u2013 Divis\u00e3o de Assist\u00eancia Direta \u00e0 Sa\u00fade<\/h2>\n<p class=\"info-paragraph\" style=\"color: #00608f\">A Dsaud \u00e9 a unidade do TCDF respons\u00e1vel pelo <strong>atendimento m\u00e9dico, odontol\u00f3gico e psicol\u00f3gico<\/strong> de servidores e seus dependentes, bem como pela realiza\u00e7\u00e3o de <strong>per\u00edcias e de a\u00e7\u00f5es de promo\u00e7\u00e3o de sa\u00fade<\/strong>.<\/p>\n<p class=\"info-paragraph\" style=\"color: #00608f\"><strong>Nosso Endere\u00e7o:<\/strong> 1\u00ba andar do Edif\u00edcio Anexo.\n<strong>Hor\u00e1rio de Atendimento:<\/strong> Segunda a sexta-feira, das 8h \u00e0s 19h.<\/p>\n<p class=\"info-paragraph\" style=\"color: #00608f\"><strong>Entre em contato conosco:<\/strong>\nTelefone Fixo: <a href=\"tel:556133142269\">3314-2269<\/a>\nCelular (WhatsApp): <a href=\"https:\/\/wa.me\/5561982146886\">98214-6886<\/a>\nE-mail: <a href=\"mailto:dsaud@tc.df.gov.br\">dsaud@tc.df.gov.br<\/a><\/p>\n\n<\/div>\t\t\t\t\t\t\t\t<\/div>\n\t\t\t\t\t<\/div>\n\t\t\t\t<\/div>\n\t\t<div class=\"elementor-element elementor-element-8c7c530 e-flex e-con-boxed wpr-particle-no wpr-jarallax-no wpr-parallax-no wpr-sticky-section-no e-con e-parent\" data-id=\"8c7c530\" data-element_type=\"container\" data-e-type=\"container\">\n\t\t\t\t\t<div class=\"e-con-inner\">\n\t\t\t\t<div class=\"elementor-element elementor-element-28ed408 elementor-widget elementor-widget-heading\" data-id=\"28ed408\" data-element_type=\"widget\" data-e-type=\"widget\" data-widget_type=\"heading.default\">\n\t\t\t\t\t<h2 class=\"elementor-heading-title elementor-size-default\">Nossas instala\u00e7\u00f5es<\/h2>\t\t\t\t<\/div>\n\t\t\t\t\t<\/div>\n\t\t\t\t<\/div>\n\t\t<div class=\"elementor-element elementor-element-702845e e-flex e-con-boxed wpr-particle-no wpr-jarallax-no wpr-parallax-no wpr-sticky-section-no e-con e-parent\" data-id=\"702845e\" data-element_type=\"container\" data-e-type=\"container\">\n\t\t\t\t\t<div class=\"e-con-inner\">\n\t\t\t\t<div class=\"elementor-element elementor-element-d7f582f elementor-pagination-position-inside elementor-arrows-position-inside elementor-widget elementor-widget-image-carousel\" data-id=\"d7f582f\" data-element_type=\"widget\" data-e-type=\"widget\" data-settings=\"{&quot;slides_to_show&quot;:&quot;1&quot;,&quot;navigation&quot;:&quot;both&quot;,&quot;autoplay&quot;:&quot;yes&quot;,&quot;pause_on_hover&quot;:&quot;yes&quot;,&quot;pause_on_interaction&quot;:&quot;yes&quot;,&quot;autoplay_speed&quot;:5000,&quot;infinite&quot;:&quot;yes&quot;,&quot;effect&quot;:&quot;slide&quot;,&quot;speed&quot;:500}\" data-widget_type=\"image-carousel.default\">\n\t\t\t\t\t\t\t<div class=\"elementor-image-carousel-wrapper swiper\" role=\"region\" aria-roledescription=\"carousel\" aria-label=\"Carrossel de imagens\" dir=\"ltr\">\n\t\t\t<div class=\"elementor-image-carousel swiper-wrapper\" aria-live=\"off\">\n\t\t\t\t\t\t\t\t<div class=\"swiper-slide\" role=\"group\" aria-roledescription=\"slide\" aria-label=\"1 de 3\"><figure class=\"swiper-slide-inner\"><img decoding=\"async\" class=\"swiper-slide-image\" src=\"https:\/\/unidades.tc.df.gov.br\/dsaud\/wp-content\/uploads\/sites\/23\/2025\/04\/20250416_155323-scaled.jpg\" alt=\"20250416_155323\" \/><\/figure><\/div><div class=\"swiper-slide\" role=\"group\" aria-roledescription=\"slide\" aria-label=\"2 de 3\"><figure class=\"swiper-slide-inner\"><img decoding=\"async\" class=\"swiper-slide-image\" src=\"https:\/\/unidades.tc.df.gov.br\/dsaud\/wp-content\/uploads\/sites\/23\/2023\/04\/20230420_164341-scaled.jpg\" alt=\"20230420_164341\" \/><\/figure><\/div><div class=\"swiper-slide\" role=\"group\" aria-roledescription=\"slide\" aria-label=\"3 de 3\"><figure class=\"swiper-slide-inner\"><img decoding=\"async\" class=\"swiper-slide-image\" src=\"https:\/\/unidades.tc.df.gov.br\/dsaud\/wp-content\/uploads\/sites\/23\/2025\/08\/DSAUD-e1754670304889.png\" alt=\"DSAUD\" \/><\/figure><\/div>\t\t\t<\/div>\n\t\t\t\t\t\t\t\t\t\t\t\t<div class=\"elementor-swiper-button elementor-swiper-button-prev\" role=\"button\" tabindex=\"0\">\n\t\t\t\t\t\t<svg aria-hidden=\"true\" class=\"e-font-icon-svg e-eicon-chevron-left\" viewBox=\"0 0 1000 1000\" xmlns=\"http:\/\/www.w3.org\/2000\/svg\"><path d=\"M646 125C629 125 613 133 604 142L308 442C296 454 292 471 292 487 292 504 296 521 308 533L604 854C617 867 629 875 646 875 663 875 679 871 692 858 704 846 713 829 713 812 713 796 708 779 692 767L438 487 692 225C700 217 708 204 708 187 708 171 704 154 692 142 675 129 663 125 646 125Z\"><\/path><\/svg>\t\t\t\t\t<\/div>\n\t\t\t\t\t<div class=\"elementor-swiper-button elementor-swiper-button-next\" role=\"button\" tabindex=\"0\">\n\t\t\t\t\t\t<svg aria-hidden=\"true\" class=\"e-font-icon-svg e-eicon-chevron-right\" viewBox=\"0 0 1000 1000\" xmlns=\"http:\/\/www.w3.org\/2000\/svg\"><path d=\"M696 533C708 521 713 504 713 487 713 471 708 454 696 446L400 146C388 133 375 125 354 125 338 125 325 129 313 142 300 154 292 171 292 187 292 204 296 221 308 233L563 492 304 771C292 783 288 800 288 817 288 833 296 850 308 863 321 871 338 875 354 875 371 875 388 867 400 854L696 533Z\"><\/path><\/svg>\t\t\t\t\t<\/div>\n\t\t\t\t\n\t\t\t\t\t\t\t\t\t<div class=\"swiper-pagination\"><\/div>\n\t\t\t\t\t\t\t\t\t<\/div>\n\t\t\t\t\t\t<\/div>\n\t\t\t\t\t<\/div>\n\t\t\t\t<\/div>\n\t\t<div class=\"elementor-element elementor-element-40560e8f e-flex e-con-boxed wpr-particle-no wpr-jarallax-no wpr-parallax-no wpr-sticky-section-no e-con e-parent\" data-id=\"40560e8f\" data-element_type=\"container\" data-e-type=\"container\">\n\t\t\t\t\t<div class=\"e-con-inner\">\n\t\t\t\t<div class=\"elementor-element elementor-element-598d75cf elementor-widget elementor-widget-text-editor\" data-id=\"598d75cf\" data-element_type=\"widget\" data-e-type=\"widget\" data-widget_type=\"text-editor.default\">\n\t\t\t\t\t\t\t\t\t<div class=\"escala-container\">\n  <h2>Miss\u00e3o, Vis\u00e3o e Valores<\/h2>\n\n  <p class=\"info-paragraph\" style=\"color: #00608f\">\n    <strong>Miss\u00e3o<\/strong><br>\n    Promover o bem-estar f\u00edsico, ps\u00edquico e social dos servidores do TCDF e seus dependentes, por meio de a\u00e7\u00f5es de promo\u00e7\u00e3o, preven\u00e7\u00e3o e reabilita\u00e7\u00e3o da sa\u00fade, bem como realizar per\u00edcias m\u00e9dicas.\n  <\/p>\n\n  <p class=\"info-paragraph\" style=\"color: #00608f\">\n    <strong>Vis\u00e3o<\/strong><br>\n    Ser reconhecida pela excel\u00eancia no atendimento \u00e0 sa\u00fade dos servidores do TCDF e seus dependentes, tornando-se uma refer\u00eancia para os demais \u00f3rg\u00e3os e entidades do setor p\u00fablico.\n  <\/p>\n  \n  <p class=\"info-paragraph\" style=\"color: #00608f\">\n    <strong>Valores<\/strong><br>\n    \u00c9tica \u2022 Foco no usu\u00e1rio \u2022 Qualidade \u2022 Resolutividade \u2022 Responsabilidade \u2022 Promo\u00e7\u00e3o da Sa\u00fade \n  <\/p>\n<\/div>\t\t\t\t\t\t\t\t<\/div>\n\t\t<div class=\"elementor-element elementor-element-da47aa3 e-con-full e-flex wpr-particle-no wpr-jarallax-no wpr-parallax-no wpr-sticky-section-no e-con e-child\" data-id=\"da47aa3\" data-element_type=\"container\" data-e-type=\"container\">\n\t\t\t\t<\/div>\n\t\t\t\t\t<\/div>\n\t\t\t\t<\/div>\n\t\t\t\t<\/div>\n\t\t","protected":false},"excerpt":{"rendered":"<p>Sobre a DSAUD P\u00e1gina inicial &gt; Institucional &gt; Sobre a DSAUD Dsaud \u2013 Divis\u00e3o de Assist\u00eancia Direta \u00e0 Sa\u00fade A Dsaud \u00e9 a unidade do TCDF respons\u00e1vel pelo atendimento m\u00e9dico, odontol\u00f3gico e psicol\u00f3gico de servidores e seus dependentes, bem como pela realiza\u00e7\u00e3o de per\u00edcias e de a\u00e7\u00f5es de promo\u00e7\u00e3o de sa\u00fade. Nosso Endere\u00e7o: 1\u00ba andar do Edif\u00edcio Anexo. Hor\u00e1rio de Atendimento: Segunda a sexta-feira, das 8h \u00e0s 19h. Entre em contato conosco: Telefone Fixo: 3314-2269 Celular (WhatsApp): 98214-6886 E-mail: dsaud@tc.df.gov.br Nossas instala\u00e7\u00f5es Miss\u00e3o, Vis\u00e3o e Valores Miss\u00e3o Promover o bem-estar f\u00edsico, ps\u00edquico e social dos servidores do TCDF e seus dependentes, por meio de a\u00e7\u00f5es de promo\u00e7\u00e3o, preven\u00e7\u00e3o e reabilita\u00e7\u00e3o da sa\u00fade, bem como realizar per\u00edcias m\u00e9dicas. Vis\u00e3o Ser reconhecida pela excel\u00eancia no atendimento \u00e0 sa\u00fade dos servidores do TCDF e seus dependentes, tornando-se uma refer\u00eancia para os demais \u00f3rg\u00e3os e entidades do setor p\u00fablico. Valores \u00c9tica \u2022 Foco no usu\u00e1rio \u2022 Qualidade \u2022 Resolutividade \u2022 Responsabilidade \u2022 Promo\u00e7\u00e3o da Sa\u00fade<\/p>\n","protected":false},"author":242,"featured_media":2660,"parent":1927,"menu_order":0,"comment_status":"open","ping_status":"open","template":"elementor_header_footer","meta":{"_monsterinsights_skip_tracking":false,"_monsterinsights_sitenote_active":false,"_monsterinsights_sitenote_note":"","_monsterinsights_sitenote_category":0,"footnotes":""},"class_list":["post-2306","page","type-page","status-publish","has-post-thumbnail","hentry"],"acf":[],"_links":{"self":[{"href":"https:\/\/unidades.tc.df.gov.br\/dsaud\/wp-json\/wp\/v2\/pages\/2306","targetHints":{"allow":["GET"]}}],"collection":[{"href":"https:\/\/unidades.tc.df.gov.br\/dsaud\/wp-json\/wp\/v2\/pages"}],"about":[{"href":"https:\/\/unidades.tc.df.gov.br\/dsaud\/wp-json\/wp\/v2\/types\/page"}],"author":[{"embeddable":true,"href":"https:\/\/unidades.tc.df.gov.br\/dsaud\/wp-json\/wp\/v2\/users\/242"}],"replies":[{"embeddable":true,"href":"https:\/\/unidades.tc.df.gov.br\/dsaud\/wp-json\/wp\/v2\/comments?post=2306"}],"version-history":[{"count":58,"href":"https:\/\/unidades.tc.df.gov.br\/dsaud\/wp-json\/wp\/v2\/pages\/2306\/revisions"}],"predecessor-version":[{"id":4057,"href":"https:\/\/unidades.tc.df.gov.br\/dsaud\/wp-json\/wp\/v2\/pages\/2306\/revisions\/4057"}],"up":[{"embeddable":true,"href":"https:\/\/unidades.tc.df.gov.br\/dsaud\/wp-json\/wp\/v2\/pages\/1927"}],"wp:featuredmedia":[{"embeddable":true,"href":"https:\/\/unidades.tc.df.gov.br\/dsaud\/wp-json\/wp\/v2\/media\/2660"}],"wp:attachment":[{"href":"https:\/\/unidades.tc.df.gov.br\/dsaud\/wp-json\/wp\/v2\/media?parent=2306"}],"curies":[{"name":"wp","href":"https:\/\/api.w.org\/{rel}","templated":true}]}}