{"id":1967,"date":"2023-07-27T15:16:00","date_gmt":"2023-07-27T18:16:00","guid":{"rendered":"https:\/\/unidades.tc.df.gov.br\/dsaud\/?page_id=1967"},"modified":"2025-08-08T13:52:44","modified_gmt":"2025-08-08T16:52:44","slug":"transparencia","status":"publish","type":"page","link":"https:\/\/unidades.tc.df.gov.br\/dsaud\/institucional\/transparencia\/","title":{"rendered":"Transpar\u00eancia"},"content":{"rendered":"<div class=\"wpb-content-wrapper\">\t\t<div data-elementor-type=\"wp-page\" data-elementor-id=\"1967\" class=\"elementor elementor-1967\">\n\t\t\t\t<div class=\"elementor-element elementor-element-7693abd e-flex e-con-boxed wpr-particle-no wpr-jarallax-no wpr-parallax-no wpr-sticky-section-no e-con e-parent\" data-id=\"7693abd\" data-element_type=\"container\" data-e-type=\"container\" data-settings=\"{&quot;background_background&quot;:&quot;classic&quot;}\">\n\t\t\t\t\t<div class=\"e-con-inner\">\n\t\t\t\t<div class=\"elementor-element elementor-element-0f4fe7a elementor-widget elementor-widget-spacer\" data-id=\"0f4fe7a\" data-element_type=\"widget\" data-e-type=\"widget\" data-widget_type=\"spacer.default\">\n\t\t\t\t\t\t\t<div class=\"elementor-spacer\">\n\t\t\t<div class=\"elementor-spacer-inner\"><\/div>\n\t\t<\/div>\n\t\t\t\t\t\t<\/div>\n\t\t\t\t<div class=\"elementor-element elementor-element-437ca93 elementor-widget elementor-widget-heading\" data-id=\"437ca93\" data-element_type=\"widget\" data-e-type=\"widget\" data-widget_type=\"heading.default\">\n\t\t\t\t\t<h2 class=\"elementor-heading-title elementor-size-default\">Transpar\u00eancia<\/h2>\t\t\t\t<\/div>\n\t\t\t\t<div class=\"elementor-element elementor-element-6b95d6b elementor-widget elementor-widget-spacer\" data-id=\"6b95d6b\" data-element_type=\"widget\" data-e-type=\"widget\" data-widget_type=\"spacer.default\">\n\t\t\t\t\t\t\t<div class=\"elementor-spacer\">\n\t\t\t<div class=\"elementor-spacer-inner\"><\/div>\n\t\t<\/div>\n\t\t\t\t\t\t<\/div>\n\t\t\t\t\t<\/div>\n\t\t\t\t<\/div>\n\t\t<div class=\"elementor-element elementor-element-4e742983 e-flex e-con-boxed wpr-particle-no wpr-jarallax-no wpr-parallax-no wpr-sticky-section-no e-con e-parent\" data-id=\"4e742983\" data-element_type=\"container\" data-e-type=\"container\">\n\t\t\t\t\t<div class=\"e-con-inner\">\n\t\t\t\t<div class=\"elementor-element elementor-element-7707dcc4 elementor-widget elementor-widget-text-editor\" data-id=\"7707dcc4\" data-element_type=\"widget\" data-e-type=\"widget\" data-widget_type=\"text-editor.default\">\n\t\t\t\t\t\t\t\t\t<div class=\"pagina-container\">\n    \n    <div class=\"breadcrumbs\">\n        <a href=\"https:\/\/unidades.tc.df.gov.br\/dsaud\/\">P\u00e1gina inicial<\/a> &gt;\n        <a href=\"https:\/\/unidades.tc.df.gov.br\/dsaud\/institucional\/\">Institucional<\/a> &gt;\n        <span>Transpar\u00eancia<\/span>\n    <\/div>\n\n    <h1>P\u00e1gina da Transpar\u00eancia &#8211; Dsaud<\/h1>\n\n\n<\/div>\t\t\t\t\t\t\t\t<\/div>\n\t\t\t\t<div class=\"elementor-element elementor-element-1afc4a6 elementor-widget elementor-widget-text-editor\" data-id=\"1afc4a6\" data-element_type=\"widget\" data-e-type=\"widget\" data-widget_type=\"text-editor.default\">\n\t\t\t\t\t\t\t\t\t<p>[vc_row el_class=&#8221;td-ss-row&#8221;][vc_column] [vc_masonry_grid post_type=&#8221;ids&#8221; gap=&#8221;10&#8243; item=&#8221;basicGrid_NoAnimation&#8221; grid_id=&#8221;vc_gid:1692222017912-8339c524-fb87-7&#8243; include=&#8221;2066, 1974, 1979&#8243;][\/vc_column_inner][\/vc_row_inner][\/vc_column][\/vc_row][vc_row][vc_column][vc_empty_space][\/vc_column][\/vc_row][vc_row][vc_column][td_block_4 custom_title=&#8221;Nossos eventos&#8221; category_ids=&#8221;64,65&#8243; limit=&#8221;4&#8243; td_ajax_filter_type=&#8221;td_category_ids_filter&#8221; ajax_pagination=&#8221;load_more&#8221;][\/vc_column][\/vc_row]<\/p>\t\t\t\t\t\t\t\t<\/div>\n\t\t\t\t\t<\/div>\n\t\t\t\t<\/div>\n\t\t\t\t<\/div>\n\t\t<\/div>","protected":false},"excerpt":{"rendered":"<p>Transpar\u00eancia P\u00e1gina inicial &gt; Institucional &gt; Transpar\u00eancia P\u00e1gina da Transpar\u00eancia &#8211; Dsaud [vc_row el_class=&#8221;td-ss-row&#8221;][vc_column] [vc_masonry_grid post_type=&#8221;ids&#8221; gap=&#8221;10&#8243; item=&#8221;basicGrid_NoAnimation&#8221; grid_id=&#8221;vc_gid:1692222017912-8339c524-fb87-7&#8243; include=&#8221;2066, 1974, 1979&#8243;][\/vc_column_inner][\/vc_row_inner][\/vc_column][\/vc_row][vc_row][vc_column][vc_empty_space][\/vc_column][\/vc_row][vc_row][vc_column][td_block_4 custom_title=&#8221;Nossos eventos&#8221; category_ids=&#8221;64,65&#8243; limit=&#8221;4&#8243; td_ajax_filter_type=&#8221;td_category_ids_filter&#8221; ajax_pagination=&#8221;load_more&#8221;][\/vc_column][\/vc_row]<\/p>\n","protected":false},"author":242,"featured_media":1969,"parent":1927,"menu_order":0,"comment_status":"closed","ping_status":"closed","template":"elementor_header_footer","meta":{"_monsterinsights_skip_tracking":false,"_monsterinsights_sitenote_active":false,"_monsterinsights_sitenote_note":"","_monsterinsights_sitenote_category":0,"footnotes":""},"class_list":["post-1967","page","type-page","status-publish","has-post-thumbnail","hentry"],"acf":[],"_links":{"self":[{"href":"https:\/\/unidades.tc.df.gov.br\/dsaud\/wp-json\/wp\/v2\/pages\/1967","targetHints":{"allow":["GET"]}}],"collection":[{"href":"https:\/\/unidades.tc.df.gov.br\/dsaud\/wp-json\/wp\/v2\/pages"}],"about":[{"href":"https:\/\/unidades.tc.df.gov.br\/dsaud\/wp-json\/wp\/v2\/types\/page"}],"author":[{"embeddable":true,"href":"https:\/\/unidades.tc.df.gov.br\/dsaud\/wp-json\/wp\/v2\/users\/242"}],"replies":[{"embeddable":true,"href":"https:\/\/unidades.tc.df.gov.br\/dsaud\/wp-json\/wp\/v2\/comments?post=1967"}],"version-history":[{"count":22,"href":"https:\/\/unidades.tc.df.gov.br\/dsaud\/wp-json\/wp\/v2\/pages\/1967\/revisions"}],"predecessor-version":[{"id":3990,"href":"https:\/\/unidades.tc.df.gov.br\/dsaud\/wp-json\/wp\/v2\/pages\/1967\/revisions\/3990"}],"up":[{"embeddable":true,"href":"https:\/\/unidades.tc.df.gov.br\/dsaud\/wp-json\/wp\/v2\/pages\/1927"}],"wp:featuredmedia":[{"embeddable":true,"href":"https:\/\/unidades.tc.df.gov.br\/dsaud\/wp-json\/wp\/v2\/media\/1969"}],"wp:attachment":[{"href":"https:\/\/unidades.tc.df.gov.br\/dsaud\/wp-json\/wp\/v2\/media?parent=1967"}],"curies":[{"name":"wp","href":"https:\/\/api.w.org\/{rel}","templated":true}]}}