{"id":1853,"date":"2023-07-19T16:51:47","date_gmt":"2023-07-19T19:51:47","guid":{"rendered":"https:\/\/unidades.tc.df.gov.br\/dsaud\/?page_id=1853"},"modified":"2025-08-11T14:46:13","modified_gmt":"2025-08-11T17:46:13","slug":"medicina","status":"publish","type":"page","link":"https:\/\/unidades.tc.df.gov.br\/dsaud\/servicos\/medicina\/","title":{"rendered":"Medicina"},"content":{"rendered":"\t\t<div data-elementor-type=\"wp-page\" data-elementor-id=\"1853\" class=\"elementor elementor-1853\">\n\t\t\t\t<div class=\"elementor-element elementor-element-6d101f2 e-flex e-con-boxed wpr-particle-no wpr-jarallax-no wpr-parallax-no wpr-sticky-section-no e-con e-parent\" data-id=\"6d101f2\" data-element_type=\"container\" data-e-type=\"container\" data-settings=\"{&quot;background_background&quot;:&quot;classic&quot;}\">\n\t\t\t\t\t<div class=\"e-con-inner\">\n\t\t\t\t<div class=\"elementor-element elementor-element-378cde3 elementor-widget elementor-widget-heading\" data-id=\"378cde3\" data-element_type=\"widget\" data-e-type=\"widget\" data-widget_type=\"heading.default\">\n\t\t\t\t\t<h2 class=\"elementor-heading-title elementor-size-default\">Medicina<\/h2>\t\t\t\t<\/div>\n\t\t\t\t\t<\/div>\n\t\t\t\t<\/div>\n\t\t<div class=\"elementor-element elementor-element-6c814a56 e-flex e-con-boxed wpr-particle-no wpr-jarallax-no wpr-parallax-no wpr-sticky-section-no e-con e-parent\" data-id=\"6c814a56\" data-element_type=\"container\" data-e-type=\"container\">\n\t\t\t\t\t<div class=\"e-con-inner\">\n\t\t\t\t<div class=\"elementor-element elementor-element-2b5a2ac6 elementor-widget elementor-widget-text-editor\" data-id=\"2b5a2ac6\" data-element_type=\"widget\" data-e-type=\"widget\" data-widget_type=\"text-editor.default\">\n\t\t\t\t\t\t\t\t\t<div class=\"servicos-container\">\n    <div class=\"servicos-layout\">\n        \n        <main class=\"main-content\">\n            <div class=\"breadcrumbs\">\n                <a href=\"#\">P\u00e1gina inicial<\/a> &gt;\n                <a href=\"#\">Servi\u00e7os<\/a> &gt;\n                <span>Medicina<\/span>\n            <\/div>\n\n            <h1>Atendimentos e Servi\u00e7os da \u00c1rea M\u00e9dica<\/h1>\n\n            <ul class=\"servicos-lista\">\n                <li>\n                    Atendimento m\u00e9dico eletivo e de urg\u00eancia, nas \u00e1reas de:\n                    <ul class=\"sub-lista\">\n                        <li>Cl\u00ednica geral<\/li>\n                        <li>Cardiologia<\/li>\n                        <li>Dermatologia<\/li>\n                        <li>Endocrinologia<\/li>\n                        <li>Gastroenterologia<\/li>\n                        <li>Ginecologia e obstetr\u00edcia<\/li>\n                    <\/ul>\n                <\/li>\n                <li>Homologa\u00e7\u00e3o de atestado m\u00e9dico<\/li>\n                <li><a href=\"https:\/\/unidades.tc.df.gov.br\/dsaud\/exame-periodico\/\" style=\"color: inherit;text-decoration: none\">Exame peri\u00f3dico<\/a><\/li>\n                <li>Per\u00edcia m\u00e9dica<\/li>\n            <\/ul>\n        <\/main>\n        \n        <aside class=\"sidebar-content\">\n            <div class=\"card-profissionais\">\n                <h4>Nossa Equipe M\u00e9dica<\/h4>\n                <p>Conhe\u00e7a os m\u00e9dicos da nossa equipe, prontos para oferecer um atendimento completo e humanizado.<\/p>\n                <a href=\"https:\/\/unidades.tc.df.gov.br\/dsaud\/profissionais\/#1682529365396-d6d45a58-f48f\" class=\"btn-profissionais\">Conhecer a Equipe<\/a>\n            <\/div>\n        <\/aside>\n\n    <\/div>\n<\/div>\t\t\t\t\t\t\t\t<\/div>\n\t\t\t\t\t<\/div>\n\t\t\t\t<\/div>\n\t\t\t\t<\/div>\n\t\t","protected":false},"excerpt":{"rendered":"<p>Medicina P\u00e1gina inicial &gt; Servi\u00e7os &gt; Medicina Atendimentos e Servi\u00e7os da \u00c1rea M\u00e9dica Atendimento m\u00e9dico eletivo e de urg\u00eancia, nas \u00e1reas de: Cl\u00ednica geral Cardiologia Dermatologia Endocrinologia Gastroenterologia Ginecologia e obstetr\u00edcia Homologa\u00e7\u00e3o de atestado m\u00e9dico Exame peri\u00f3dico Per\u00edcia m\u00e9dica Nossa Equipe M\u00e9dica Conhe\u00e7a os m\u00e9dicos da nossa equipe, prontos para oferecer um atendimento completo e humanizado. Conhecer a Equipe<\/p>\n","protected":false},"author":242,"featured_media":2773,"parent":1786,"menu_order":0,"comment_status":"closed","ping_status":"closed","template":"elementor_header_footer","meta":{"_monsterinsights_skip_tracking":false,"_monsterinsights_sitenote_active":false,"_monsterinsights_sitenote_note":"","_monsterinsights_sitenote_category":0,"footnotes":""},"class_list":["post-1853","page","type-page","status-publish","has-post-thumbnail","hentry"],"acf":[],"_links":{"self":[{"href":"https:\/\/unidades.tc.df.gov.br\/dsaud\/wp-json\/wp\/v2\/pages\/1853","targetHints":{"allow":["GET"]}}],"collection":[{"href":"https:\/\/unidades.tc.df.gov.br\/dsaud\/wp-json\/wp\/v2\/pages"}],"about":[{"href":"https:\/\/unidades.tc.df.gov.br\/dsaud\/wp-json\/wp\/v2\/types\/page"}],"author":[{"embeddable":true,"href":"https:\/\/unidades.tc.df.gov.br\/dsaud\/wp-json\/wp\/v2\/users\/242"}],"replies":[{"embeddable":true,"href":"https:\/\/unidades.tc.df.gov.br\/dsaud\/wp-json\/wp\/v2\/comments?post=1853"}],"version-history":[{"count":31,"href":"https:\/\/unidades.tc.df.gov.br\/dsaud\/wp-json\/wp\/v2\/pages\/1853\/revisions"}],"predecessor-version":[{"id":4092,"href":"https:\/\/unidades.tc.df.gov.br\/dsaud\/wp-json\/wp\/v2\/pages\/1853\/revisions\/4092"}],"up":[{"embeddable":true,"href":"https:\/\/unidades.tc.df.gov.br\/dsaud\/wp-json\/wp\/v2\/pages\/1786"}],"wp:featuredmedia":[{"embeddable":true,"href":"https:\/\/unidades.tc.df.gov.br\/dsaud\/wp-json\/wp\/v2\/media\/2773"}],"wp:attachment":[{"href":"https:\/\/unidades.tc.df.gov.br\/dsaud\/wp-json\/wp\/v2\/media?parent=1853"}],"curies":[{"name":"wp","href":"https:\/\/api.w.org\/{rel}","templated":true}]}}