{"id":1841,"date":"2023-07-18T15:41:16","date_gmt":"2023-07-18T18:41:16","guid":{"rendered":"https:\/\/unidades.tc.df.gov.br\/dsaud\/?page_id=1841"},"modified":"2025-08-08T13:34:08","modified_gmt":"2025-08-08T16:34:08","slug":"psicologia","status":"publish","type":"page","link":"https:\/\/unidades.tc.df.gov.br\/dsaud\/servicos\/psicologia\/","title":{"rendered":"Psicologia"},"content":{"rendered":"\t\t<div data-elementor-type=\"wp-page\" data-elementor-id=\"1841\" class=\"elementor elementor-1841\">\n\t\t\t\t<div class=\"elementor-element elementor-element-41bce7e e-flex e-con-boxed wpr-particle-no wpr-jarallax-no wpr-parallax-no wpr-sticky-section-no e-con e-parent\" data-id=\"41bce7e\" data-element_type=\"container\" data-e-type=\"container\" data-settings=\"{&quot;background_background&quot;:&quot;classic&quot;}\">\n\t\t\t\t\t<div class=\"e-con-inner\">\n\t\t\t\t<div class=\"elementor-element elementor-element-1a371ce elementor-widget elementor-widget-spacer\" data-id=\"1a371ce\" data-element_type=\"widget\" data-e-type=\"widget\" data-widget_type=\"spacer.default\">\n\t\t\t\t\t\t\t<div class=\"elementor-spacer\">\n\t\t\t<div class=\"elementor-spacer-inner\"><\/div>\n\t\t<\/div>\n\t\t\t\t\t\t<\/div>\n\t\t\t\t<div class=\"elementor-element elementor-element-2050d86 elementor-widget elementor-widget-heading\" data-id=\"2050d86\" data-element_type=\"widget\" data-e-type=\"widget\" data-widget_type=\"heading.default\">\n\t\t\t\t\t<h2 class=\"elementor-heading-title elementor-size-default\">Psicologia<\/h2>\t\t\t\t<\/div>\n\t\t\t\t<div class=\"elementor-element elementor-element-87e3ca5 elementor-widget elementor-widget-spacer\" data-id=\"87e3ca5\" data-element_type=\"widget\" data-e-type=\"widget\" data-widget_type=\"spacer.default\">\n\t\t\t\t\t\t\t<div class=\"elementor-spacer\">\n\t\t\t<div class=\"elementor-spacer-inner\"><\/div>\n\t\t<\/div>\n\t\t\t\t\t\t<\/div>\n\t\t\t\t\t<\/div>\n\t\t\t\t<\/div>\n\t\t<div class=\"elementor-element elementor-element-3f023149 e-flex e-con-boxed wpr-particle-no wpr-jarallax-no wpr-parallax-no wpr-sticky-section-no e-con e-parent\" data-id=\"3f023149\" data-element_type=\"container\" data-e-type=\"container\">\n\t\t\t\t\t<div class=\"e-con-inner\">\n\t\t\t\t<div class=\"elementor-element elementor-element-9ef81df elementor-widget elementor-widget-text-editor\" data-id=\"9ef81df\" data-element_type=\"widget\" data-e-type=\"widget\" data-widget_type=\"text-editor.default\">\n\t\t\t\t\t\t\t\t\t<div class=\"servicos-container\">\n    <div class=\"servicos-layout\">\n        \n        <main class=\"main-content\">\n            <div class=\"breadcrumbs\">\n                <a href=\"https:\/\/unidades.tc.df.gov.br\/dsaud\/\">P\u00e1gina inicial<\/a> &gt;\n                <a href=\"https:\/\/unidades.tc.df.gov.br\/dsaud\/servicos\/\">Servi\u00e7os<\/a> &gt;\n                <a href=\"https:\/\/unidades.tc.df.gov.br\/dsaud\/servicos\/psicologia\/\">Psicologia<\/a>\n            <\/div>\n\n            <h1>Atendimentos realizados pela Psicologia<\/h1>\n\n            <ul class=\"servicos-lista\">\n                <li>Psicoterapia de adolescentes e adultos, nas abordagens cognitivo-comportamental e gestalt-terapia<\/li>\n                <li>Dessensibiliza\u00e7\u00e3o e Reprocessamento por Meio dos Movimentos Oculares (EMDR)<\/li>\n                <li>Atendimentos de urg\u00eancia<\/li>\n                <li>Grupos de apoio e grupos tem\u00e1ticos<\/li>\n            <\/ul>\n\n            <div class=\"aviso-importante\">\n                <span><strong>Agendamento:<\/strong> \u00c9 necess\u00e1rio agendar os atendimentos de psicoterapia e grupos. Para tanto, ligue ou mande uma mensagem para <a href=\"https:\/\/wa.me\/5561982146886\" target=\"_blank\">(61) 98214-6886<\/a>, tratar com Gabriele.<\/span>\n            <\/div>\n        <\/main>\n        \n        <aside class=\"sidebar-content\">\n            <div class=\"card-profissionais\">\n                <h4>Nossa Equipe<\/h4>\n                <p>Conhe\u00e7a os psic\u00f3logos da nossa equipe, prontos para oferecer acolhimento e cuidado com a sua sa\u00fade mental.<\/p>\n                <a href=\"https:\/\/unidades.tc.df.gov.br\/dsaud\/profissionais\/#1682529396172-5290ff9d-d8be\" class=\"btn-profissionais\">Conhecer a Equipe<\/a>\n            <\/div>\n        <\/aside>\n\n    <\/div>\n<\/div>\t\t\t\t\t\t\t\t<\/div>\n\t\t\t\t\t<\/div>\n\t\t\t\t<\/div>\n\t\t\t\t<\/div>\n\t\t","protected":false},"excerpt":{"rendered":"<p>Psicologia P\u00e1gina inicial &gt; Servi\u00e7os &gt; Psicologia Atendimentos realizados pela Psicologia Psicoterapia de adolescentes e adultos, nas abordagens cognitivo-comportamental e gestalt-terapia Dessensibiliza\u00e7\u00e3o e Reprocessamento por Meio dos Movimentos Oculares (EMDR) Atendimentos de urg\u00eancia Grupos de apoio e grupos tem\u00e1ticos Agendamento: \u00c9 necess\u00e1rio agendar os atendimentos de psicoterapia e grupos. Para tanto, ligue ou mande uma mensagem para (61) 98214-6886, tratar com Gabriele. Nossa Equipe Conhe\u00e7a os psic\u00f3logos da nossa equipe, prontos para oferecer acolhimento e cuidado com a sua sa\u00fade mental. Conhecer a Equipe<\/p>\n","protected":false},"author":242,"featured_media":2777,"parent":1786,"menu_order":0,"comment_status":"closed","ping_status":"closed","template":"elementor_header_footer","meta":{"_monsterinsights_skip_tracking":false,"_monsterinsights_sitenote_active":false,"_monsterinsights_sitenote_note":"","_monsterinsights_sitenote_category":0,"footnotes":""},"class_list":["post-1841","page","type-page","status-publish","has-post-thumbnail","hentry"],"acf":[],"_links":{"self":[{"href":"https:\/\/unidades.tc.df.gov.br\/dsaud\/wp-json\/wp\/v2\/pages\/1841","targetHints":{"allow":["GET"]}}],"collection":[{"href":"https:\/\/unidades.tc.df.gov.br\/dsaud\/wp-json\/wp\/v2\/pages"}],"about":[{"href":"https:\/\/unidades.tc.df.gov.br\/dsaud\/wp-json\/wp\/v2\/types\/page"}],"author":[{"embeddable":true,"href":"https:\/\/unidades.tc.df.gov.br\/dsaud\/wp-json\/wp\/v2\/users\/242"}],"replies":[{"embeddable":true,"href":"https:\/\/unidades.tc.df.gov.br\/dsaud\/wp-json\/wp\/v2\/comments?post=1841"}],"version-history":[{"count":14,"href":"https:\/\/unidades.tc.df.gov.br\/dsaud\/wp-json\/wp\/v2\/pages\/1841\/revisions"}],"predecessor-version":[{"id":3892,"href":"https:\/\/unidades.tc.df.gov.br\/dsaud\/wp-json\/wp\/v2\/pages\/1841\/revisions\/3892"}],"up":[{"embeddable":true,"href":"https:\/\/unidades.tc.df.gov.br\/dsaud\/wp-json\/wp\/v2\/pages\/1786"}],"wp:featuredmedia":[{"embeddable":true,"href":"https:\/\/unidades.tc.df.gov.br\/dsaud\/wp-json\/wp\/v2\/media\/2777"}],"wp:attachment":[{"href":"https:\/\/unidades.tc.df.gov.br\/dsaud\/wp-json\/wp\/v2\/media?parent=1841"}],"curies":[{"name":"wp","href":"https:\/\/api.w.org\/{rel}","templated":true}]}}