{"id":1820,"date":"2023-07-17T18:34:14","date_gmt":"2023-07-17T21:34:14","guid":{"rendered":"https:\/\/unidades.tc.df.gov.br\/dsaud\/?page_id=1820"},"modified":"2025-09-10T17:47:47","modified_gmt":"2025-09-10T20:47:47","slug":"odontologia","status":"publish","type":"page","link":"https:\/\/unidades.tc.df.gov.br\/dsaud\/servicos\/odontologia\/","title":{"rendered":"Odontologia"},"content":{"rendered":"\t\t<div data-elementor-type=\"wp-page\" data-elementor-id=\"1820\" class=\"elementor elementor-1820\">\n\t\t\t\t<div class=\"elementor-element elementor-element-fe41367 e-flex e-con-boxed wpr-particle-no wpr-jarallax-no wpr-parallax-no wpr-sticky-section-no e-con e-parent\" data-id=\"fe41367\" data-element_type=\"container\" data-e-type=\"container\" data-settings=\"{&quot;background_background&quot;:&quot;classic&quot;}\">\n\t\t\t\t\t<div class=\"e-con-inner\">\n\t\t\t\t<div class=\"elementor-element elementor-element-c85e41f elementor-widget elementor-widget-spacer\" data-id=\"c85e41f\" data-element_type=\"widget\" data-e-type=\"widget\" data-widget_type=\"spacer.default\">\n\t\t\t\t\t\t\t<div class=\"elementor-spacer\">\n\t\t\t<div class=\"elementor-spacer-inner\"><\/div>\n\t\t<\/div>\n\t\t\t\t\t\t<\/div>\n\t\t\t\t<div class=\"elementor-element elementor-element-ff53f93 elementor-widget__width-inherit elementor-widget elementor-widget-heading\" data-id=\"ff53f93\" data-element_type=\"widget\" data-e-type=\"widget\" data-widget_type=\"heading.default\">\n\t\t\t\t\t<h1 class=\"elementor-heading-title elementor-size-default\">Odontologia<\/h1>\t\t\t\t<\/div>\n\t\t\t\t<div class=\"elementor-element elementor-element-f823438 elementor-widget elementor-widget-spacer\" data-id=\"f823438\" data-element_type=\"widget\" data-e-type=\"widget\" data-widget_type=\"spacer.default\">\n\t\t\t\t\t\t\t<div class=\"elementor-spacer\">\n\t\t\t<div class=\"elementor-spacer-inner\"><\/div>\n\t\t<\/div>\n\t\t\t\t\t\t<\/div>\n\t\t\t\t\t<\/div>\n\t\t\t\t<\/div>\n\t\t<div class=\"elementor-element elementor-element-126854aa e-flex e-con-boxed wpr-particle-no wpr-jarallax-no wpr-parallax-no wpr-sticky-section-no e-con e-parent\" data-id=\"126854aa\" data-element_type=\"container\" data-e-type=\"container\">\n\t\t\t\t\t<div class=\"e-con-inner\">\n\t\t\t\t<div class=\"elementor-element elementor-element-54b1ceb5 elementor-widget__width-initial elementor-widget elementor-widget-text-editor\" data-id=\"54b1ceb5\" data-element_type=\"widget\" data-e-type=\"widget\" data-widget_type=\"text-editor.default\">\n\t\t\t\t\t\t\t\t\t<div class=\"servicos-container\"><div class=\"servicos-layout\"><p>\u00a0<\/p><div class=\"breadcrumbs\"><a href=\"#\">P\u00e1gina inicial<\/a> &gt;<br \/><a href=\"#\">Servi\u00e7os<\/a> &gt;<br \/><a href=\"#\">Odontologia<\/a><\/div><h1>Atendimentos e procedimentos de Odontologia<\/h1><ul class=\"servicos-lista\"><li>Odontopediatria<em class=\"nota-item\">* Ver observa\u00e7\u00f5es abaixo<\/em><\/li><li>Cirurgia oral menor<em class=\"nota-item\">* Ver observa\u00e7\u00f5es abaixo<\/em><\/li><li>Endodontia (tratamento de canal)<em class=\"nota-item\">* Ver observa\u00e7\u00f5es abaixo<\/em><\/li><li>Extra\u00e7\u00f5es de dentes permanentes e dec\u00edduos<\/li><li>Laserterapia<\/li><li>Raspagem supragengival e profilaxia dentais<\/li><li>Restaura\u00e7\u00f5es<em class=\"nota-item\">Todos os dentistas realizam, mediante avalia\u00e7\u00e3o pr\u00e9via.<\/em><\/li><li>Clareamento dental<em class=\"nota-item\">* Ver observa\u00e7\u00f5es abaixo<\/em><\/li><li>Atendimentos de urg\u00eancia<\/li><\/ul><h3>Avisos e Observa\u00e7\u00f5es<\/h3><div class=\"aviso-importante\"><strong>Clareamento Dental:<\/strong> os dentistas da Dsaud realizam o procedimento no consult\u00f3rio ou orientam para ser feito em casa. Em ambas as modalidades, o paciente deve providenciar o material, que ser\u00e1 receitado caso a caso. Para o clareamento caseiro, \u00e9 necess\u00e1ria tamb\u00e9m a aquisi\u00e7\u00e3o de molde personalizado.<\/div><div class=\"aviso-importante\"><strong>Cirurgia Oral Menor e Endodontia (Canal):<\/strong> ser\u00e3o realizados apenas mediante avalia\u00e7\u00e3o pr\u00e9via pelo Dr. H\u00e9lder (com limita\u00e7\u00e3o de um procedimento por dia).<\/div><div class=\"aviso-importante\"><strong>Odontopediatria:<\/strong> os atendimentos s\u00e3o realizados somente pela Dra. Elizabeth e pela Dra. M\u00f4nica, e necessitam de agendamento pr\u00e9vio.<\/div><p>\u00a0<\/p><aside class=\"sidebar-content\"><div class=\"card-profissionais\"><h4>Nossa Equipe<\/h4><p>Conhe\u00e7a os dentistas da nossa equipe, especialistas em cuidar do seu sorriso e da sua sa\u00fade bucal.<\/p><p><a class=\"btn-profissionais\" href=\"https:\/\/unidades.tc.df.gov.br\/dsaud\/profissionais\/#1682529365416-ef0f0b5e-789e\">Conhecer a Equipe<\/a><\/p><\/div><\/aside><\/div><\/div>\t\t\t\t\t\t\t\t<\/div>\n\t\t\t\t\t<\/div>\n\t\t\t\t<\/div>\n\t\t\t\t<\/div>\n\t\t","protected":false},"excerpt":{"rendered":"<p>Odontologia \u00a0 P\u00e1gina inicial &gt;Servi\u00e7os &gt;Odontologia Atendimentos e procedimentos de Odontologia Odontopediatria* Ver observa\u00e7\u00f5es abaixo Cirurgia oral menor* Ver observa\u00e7\u00f5es abaixo Endodontia (tratamento de canal)* Ver observa\u00e7\u00f5es abaixo Extra\u00e7\u00f5es de dentes permanentes e dec\u00edduos Laserterapia Raspagem supragengival e profilaxia dentais Restaura\u00e7\u00f5esTodos os dentistas realizam, mediante avalia\u00e7\u00e3o pr\u00e9via. Clareamento dental* Ver observa\u00e7\u00f5es abaixo Atendimentos de urg\u00eancia Avisos e Observa\u00e7\u00f5es Clareamento Dental: os dentistas da Dsaud realizam o procedimento no consult\u00f3rio ou orientam para ser feito em casa. Em ambas as modalidades, o paciente deve providenciar o material, que ser\u00e1 receitado caso a caso. Para o clareamento caseiro, \u00e9 necess\u00e1ria tamb\u00e9m a aquisi\u00e7\u00e3o de molde personalizado.Cirurgia Oral Menor e Endodontia (Canal): ser\u00e3o realizados apenas mediante avalia\u00e7\u00e3o pr\u00e9via pelo Dr. H\u00e9lder (com limita\u00e7\u00e3o de um procedimento por dia).Odontopediatria: os atendimentos s\u00e3o realizados somente pela Dra. Elizabeth e pela Dra. M\u00f4nica, e necessitam de agendamento pr\u00e9vio. \u00a0 Nossa Equipe Conhe\u00e7a os dentistas da nossa equipe, especialistas em cuidar do seu sorriso e da sua sa\u00fade bucal. Conhecer a Equipe<\/p>\n","protected":false},"author":242,"featured_media":2783,"parent":1786,"menu_order":0,"comment_status":"closed","ping_status":"closed","template":"elementor_header_footer","meta":{"_monsterinsights_skip_tracking":false,"_monsterinsights_sitenote_active":false,"_monsterinsights_sitenote_note":"","_monsterinsights_sitenote_category":0,"footnotes":""},"class_list":["post-1820","page","type-page","status-publish","has-post-thumbnail","hentry"],"acf":[],"_links":{"self":[{"href":"https:\/\/unidades.tc.df.gov.br\/dsaud\/wp-json\/wp\/v2\/pages\/1820","targetHints":{"allow":["GET"]}}],"collection":[{"href":"https:\/\/unidades.tc.df.gov.br\/dsaud\/wp-json\/wp\/v2\/pages"}],"about":[{"href":"https:\/\/unidades.tc.df.gov.br\/dsaud\/wp-json\/wp\/v2\/types\/page"}],"author":[{"embeddable":true,"href":"https:\/\/unidades.tc.df.gov.br\/dsaud\/wp-json\/wp\/v2\/users\/242"}],"replies":[{"embeddable":true,"href":"https:\/\/unidades.tc.df.gov.br\/dsaud\/wp-json\/wp\/v2\/comments?post=1820"}],"version-history":[{"count":38,"href":"https:\/\/unidades.tc.df.gov.br\/dsaud\/wp-json\/wp\/v2\/pages\/1820\/revisions"}],"predecessor-version":[{"id":4192,"href":"https:\/\/unidades.tc.df.gov.br\/dsaud\/wp-json\/wp\/v2\/pages\/1820\/revisions\/4192"}],"up":[{"embeddable":true,"href":"https:\/\/unidades.tc.df.gov.br\/dsaud\/wp-json\/wp\/v2\/pages\/1786"}],"wp:featuredmedia":[{"embeddable":true,"href":"https:\/\/unidades.tc.df.gov.br\/dsaud\/wp-json\/wp\/v2\/media\/2783"}],"wp:attachment":[{"href":"https:\/\/unidades.tc.df.gov.br\/dsaud\/wp-json\/wp\/v2\/media?parent=1820"}],"curies":[{"name":"wp","href":"https:\/\/api.w.org\/{rel}","templated":true}]}}