{"id":1788,"date":"2023-07-12T18:43:51","date_gmt":"2023-07-12T21:43:51","guid":{"rendered":"https:\/\/unidades.tc.df.gov.br\/dsaud\/?page_id=1788"},"modified":"2025-08-11T13:46:27","modified_gmt":"2025-08-11T16:46:27","slug":"servicos-enfermagem","status":"publish","type":"page","link":"https:\/\/unidades.tc.df.gov.br\/dsaud\/servicos\/servicos-enfermagem\/","title":{"rendered":"Enfermagem"},"content":{"rendered":"\t\t<div data-elementor-type=\"wp-page\" data-elementor-id=\"1788\" class=\"elementor elementor-1788\">\n\t\t\t\t<div class=\"elementor-element elementor-element-15d114f e-flex e-con-boxed wpr-particle-no wpr-jarallax-no wpr-parallax-no wpr-sticky-section-no e-con e-parent\" data-id=\"15d114f\" data-element_type=\"container\" data-e-type=\"container\" data-settings=\"{&quot;background_background&quot;:&quot;classic&quot;}\">\n\t\t\t\t\t<div class=\"e-con-inner\">\n\t\t\t\t<div class=\"elementor-element elementor-element-63f6a91 elementor-widget elementor-widget-spacer\" data-id=\"63f6a91\" data-element_type=\"widget\" data-e-type=\"widget\" data-widget_type=\"spacer.default\">\n\t\t\t\t\t\t\t<div class=\"elementor-spacer\">\n\t\t\t<div class=\"elementor-spacer-inner\"><\/div>\n\t\t<\/div>\n\t\t\t\t\t\t<\/div>\n\t\t\t\t<div class=\"elementor-element elementor-element-102d425 elementor-widget elementor-widget-heading\" data-id=\"102d425\" data-element_type=\"widget\" data-e-type=\"widget\" data-widget_type=\"heading.default\">\n\t\t\t\t\t<h2 class=\"elementor-heading-title elementor-size-default\">Enfermagem<\/h2>\t\t\t\t<\/div>\n\t\t\t\t<div class=\"elementor-element elementor-element-0db6e67 elementor-widget elementor-widget-spacer\" data-id=\"0db6e67\" data-element_type=\"widget\" data-e-type=\"widget\" data-widget_type=\"spacer.default\">\n\t\t\t\t\t\t\t<div class=\"elementor-spacer\">\n\t\t\t<div class=\"elementor-spacer-inner\"><\/div>\n\t\t<\/div>\n\t\t\t\t\t\t<\/div>\n\t\t\t\t\t<\/div>\n\t\t\t\t<\/div>\n\t\t<div class=\"elementor-element elementor-element-43fa2dd9 e-flex e-con-boxed wpr-particle-no wpr-jarallax-no wpr-parallax-no wpr-sticky-section-no e-con e-parent\" data-id=\"43fa2dd9\" data-element_type=\"container\" data-e-type=\"container\">\n\t\t\t\t\t<div class=\"e-con-inner\">\n\t\t\t\t<div class=\"elementor-element elementor-element-54c4f334 elementor-widget elementor-widget-text-editor\" data-id=\"54c4f334\" data-element_type=\"widget\" data-e-type=\"widget\" data-widget_type=\"text-editor.default\">\n\t\t\t\t\t\t\t\t\t<div class=\"servicos-container\">\n    <div class=\"servicos-layout\">\n        \n        <main class=\"main-content\">\n            <div class=\"breadcrumbs\">\n                <a href=\"https:\/\/unidades.tc.df.gov.br\/dsaud\">P\u00e1gina inicial<\/a> &gt;\n                <a href=\"https:\/\/unidades.tc.df.gov.br\/dsaud\/servicos\/\">Servi\u00e7os<\/a> &gt;\n                <a href=\"https:\/\/unidades.tc.df.gov.br\/dsaud\/servicos\/servicos-enfermagem\/\">Enfermagem<\/a>\n            <\/div>\n\n            <h1>Servi\u00e7os prestados pela equipe de Enfermagem<\/h1>\n\n            <h3>Administra\u00e7\u00e3o de medica\u00e7\u00e3o<\/h3>\n            <ol class=\"servicos-lista\">\n                <li>Intramuscular<\/li>\n                <li>Endovenosa<\/li>\n                <li>Oral<\/li>\n                <li>Auricular<\/li>\n                <li>T\u00f3pica<\/li>\n                <li>Intrad\u00e9rmica<\/li>\n                <li>Subcut\u00e2nea<\/li>\n            <\/ol>\n            <div class=\"aviso-importante\">\n                Importante: as(os) enfermeiras(os) aplicar\u00e3o medicamentos somente com a prescri\u00e7\u00e3o m\u00e9dica.\n            <\/div>\n\n            <hr>\n\n            <h3>Verifica\u00e7\u00e3o de sinais vitais<\/h3>\n            <ol class=\"servicos-lista\">\n                <li>Press\u00e3o<\/li>\n                <li>Temperatura<\/li>\n                <li>Pulso<\/li>\n                <li>Satura\u00e7\u00e3o<\/li>\n                <li>Glicemia<\/li>\n                <li>Frequ\u00eancia respirat\u00f3ria<\/li>\n            <\/ol>\n            \n            <hr>\n\n            <h3>Outros servi\u00e7os<\/h3>\n            <ul class=\"servicos-lista\">\n                <li>Curativos<\/li>\n                <li>Eletrocardiograma<\/li>\n                <li>Nebuliza\u00e7\u00e3o<\/li>\n                <li>Reanima\u00e7\u00e3o cardiopulmonar<\/li>\n                <li>Retirada de pontos<\/li>\n            <\/ul>\n        <\/main>\n        \n        <aside class=\"sidebar-content\">\n            <div class=\"card-profissionais\">\n                <h4>Nossa Equipe<\/h4>\n                <p>Conhe\u00e7a os profissionais de enfermagem dedicados a cuidar da sua sa\u00fade e bem-estar.<\/p>\n                <a href=\"#\" class=\"btn-profissionais\">Conhecer a Equipe<\/a>\n            <\/div>\n        <\/aside>\n\n    <\/div>\n<\/div>\t\t\t\t\t\t\t\t<\/div>\n\t\t\t\t\t<\/div>\n\t\t\t\t<\/div>\n\t\t\t\t<\/div>\n\t\t","protected":false},"excerpt":{"rendered":"<p>Enfermagem P\u00e1gina inicial &gt; Servi\u00e7os &gt; Enfermagem Servi\u00e7os prestados pela equipe de Enfermagem Administra\u00e7\u00e3o de medica\u00e7\u00e3o Intramuscular Endovenosa Oral Auricular T\u00f3pica Intrad\u00e9rmica Subcut\u00e2nea Importante: as(os) enfermeiras(os) aplicar\u00e3o medicamentos somente com a prescri\u00e7\u00e3o m\u00e9dica. Verifica\u00e7\u00e3o de sinais vitais Press\u00e3o Temperatura Pulso Satura\u00e7\u00e3o Glicemia Frequ\u00eancia respirat\u00f3ria Outros servi\u00e7os Curativos Eletrocardiograma Nebuliza\u00e7\u00e3o Reanima\u00e7\u00e3o cardiopulmonar Retirada de pontos Nossa Equipe Conhe\u00e7a os profissionais de enfermagem dedicados a cuidar da sua sa\u00fade e bem-estar. Conhecer a Equipe<\/p>\n","protected":false},"author":242,"featured_media":2779,"parent":1786,"menu_order":1,"comment_status":"closed","ping_status":"closed","template":"elementor_canvas","meta":{"_monsterinsights_skip_tracking":false,"_monsterinsights_sitenote_active":false,"_monsterinsights_sitenote_note":"","_monsterinsights_sitenote_category":0,"footnotes":""},"class_list":["post-1788","page","type-page","status-publish","has-post-thumbnail","hentry"],"acf":[],"_links":{"self":[{"href":"https:\/\/unidades.tc.df.gov.br\/dsaud\/wp-json\/wp\/v2\/pages\/1788","targetHints":{"allow":["GET"]}}],"collection":[{"href":"https:\/\/unidades.tc.df.gov.br\/dsaud\/wp-json\/wp\/v2\/pages"}],"about":[{"href":"https:\/\/unidades.tc.df.gov.br\/dsaud\/wp-json\/wp\/v2\/types\/page"}],"author":[{"embeddable":true,"href":"https:\/\/unidades.tc.df.gov.br\/dsaud\/wp-json\/wp\/v2\/users\/242"}],"replies":[{"embeddable":true,"href":"https:\/\/unidades.tc.df.gov.br\/dsaud\/wp-json\/wp\/v2\/comments?post=1788"}],"version-history":[{"count":51,"href":"https:\/\/unidades.tc.df.gov.br\/dsaud\/wp-json\/wp\/v2\/pages\/1788\/revisions"}],"predecessor-version":[{"id":4054,"href":"https:\/\/unidades.tc.df.gov.br\/dsaud\/wp-json\/wp\/v2\/pages\/1788\/revisions\/4054"}],"up":[{"embeddable":true,"href":"https:\/\/unidades.tc.df.gov.br\/dsaud\/wp-json\/wp\/v2\/pages\/1786"}],"wp:featuredmedia":[{"embeddable":true,"href":"https:\/\/unidades.tc.df.gov.br\/dsaud\/wp-json\/wp\/v2\/media\/2779"}],"wp:attachment":[{"href":"https:\/\/unidades.tc.df.gov.br\/dsaud\/wp-json\/wp\/v2\/media?parent=1788"}],"curies":[{"name":"wp","href":"https:\/\/api.w.org\/{rel}","templated":true}]}}