{"id":1786,"date":"2023-07-12T18:29:18","date_gmt":"2023-07-12T21:29:18","guid":{"rendered":"https:\/\/unidades.tc.df.gov.br\/dsaud\/?page_id=1786"},"modified":"2025-09-10T17:35:00","modified_gmt":"2025-09-10T20:35:00","slug":"servicos","status":"publish","type":"page","link":"https:\/\/unidades.tc.df.gov.br\/dsaud\/servicos\/","title":{"rendered":"Servi\u00e7os"},"content":{"rendered":"\t\t<div data-elementor-type=\"wp-page\" data-elementor-id=\"1786\" class=\"elementor elementor-1786\">\n\t\t\t\t<div class=\"elementor-element elementor-element-b2fe5e0 e-con-full e-flex wpr-particle-no wpr-jarallax-no wpr-parallax-no wpr-sticky-section-no e-con e-parent\" data-id=\"b2fe5e0\" data-element_type=\"container\" data-e-type=\"container\" data-settings=\"{&quot;background_background&quot;:&quot;classic&quot;}\">\n\t\t\t\t<div class=\"elementor-element elementor-element-95bd114 elementor-widget elementor-widget-heading\" data-id=\"95bd114\" data-element_type=\"widget\" data-e-type=\"widget\" data-widget_type=\"heading.default\">\n\t\t\t\t\t<h2 class=\"elementor-heading-title elementor-size-default\">Servi\u00e7os<\/h2>\t\t\t\t<\/div>\n\t\t\t\t<\/div>\n\t\t<div class=\"elementor-element elementor-element-516e281a e-flex e-con-boxed wpr-particle-no wpr-jarallax-no wpr-parallax-no wpr-sticky-section-no e-con e-parent\" data-id=\"516e281a\" data-element_type=\"container\" data-e-type=\"container\">\n\t\t\t\t\t<div class=\"e-con-inner\">\n\t\t\t\t<div class=\"elementor-element elementor-element-5371448d elementor-widget elementor-widget-text-editor\" data-id=\"5371448d\" data-element_type=\"widget\" data-e-type=\"widget\" data-widget_type=\"text-editor.default\">\n\t\t\t\t\t\t\t\t\t<p><span style=\"color: #808080;font-family: verdana, geneva, sans-serif;font-size: 10pt\"><a style=\"color: #808080\" href=\"https:\/\/unidades.tc.df.gov.br\/dsaud\/\">P\u00e1gina inicial<\/a>\u00a0 &gt;\u00a0 <a style=\"color: #808080\" href=\"https:\/\/unidades.tc.df.gov.br\/dsaud\/servicos\/\">Servi\u00e7os<\/a>\u00a0<\/span><\/p>\t\t\t\t\t\t\t\t<\/div>\n\t\t\t\t\t<\/div>\n\t\t\t\t<\/div>\n\t\t<div class=\"elementor-element elementor-element-682f05a e-grid e-con-boxed wpr-particle-no wpr-jarallax-no wpr-parallax-no wpr-sticky-section-no e-con e-parent\" data-id=\"682f05a\" data-element_type=\"container\" data-e-type=\"container\">\n\t\t\t\t\t<div class=\"e-con-inner\">\n\t\t\t\t<div class=\"elementor-element elementor-element-9520b1c elementor-widget elementor-widget-image\" data-id=\"9520b1c\" data-element_type=\"widget\" data-e-type=\"widget\" data-widget_type=\"image.default\">\n\t\t\t\t\t\t\t\t\t\t\t\t<figure class=\"wp-caption\">\n\t\t\t\t\t\t\t\t\t\t\t<a href=\"https:\/\/unidades.tc.df.gov.br\/dsaud\/servicos\/medicina\/\">\n\t\t\t\t\t\t\t<img fetchpriority=\"high\" decoding=\"async\" width=\"300\" height=\"300\" src=\"https:\/\/unidades.tc.df.gov.br\/dsaud\/wp-content\/uploads\/sites\/23\/2024\/08\/MED-300x300.png\" class=\"attachment-medium size-medium wp-image-2773\" alt=\"\" srcset=\"https:\/\/unidades.tc.df.gov.br\/dsaud\/wp-content\/uploads\/sites\/23\/2024\/08\/MED-300x300.png 300w, https:\/\/unidades.tc.df.gov.br\/dsaud\/wp-content\/uploads\/sites\/23\/2024\/08\/MED-1024x1024.png 1024w, https:\/\/unidades.tc.df.gov.br\/dsaud\/wp-content\/uploads\/sites\/23\/2024\/08\/MED-150x150.png 150w, https:\/\/unidades.tc.df.gov.br\/dsaud\/wp-content\/uploads\/sites\/23\/2024\/08\/MED-768x768.png 768w, https:\/\/unidades.tc.df.gov.br\/dsaud\/wp-content\/uploads\/sites\/23\/2024\/08\/MED-696x696.png 696w, https:\/\/unidades.tc.df.gov.br\/dsaud\/wp-content\/uploads\/sites\/23\/2024\/08\/MED-1068x1068.png 1068w, https:\/\/unidades.tc.df.gov.br\/dsaud\/wp-content\/uploads\/sites\/23\/2024\/08\/MED-420x420.png 420w, https:\/\/unidades.tc.df.gov.br\/dsaud\/wp-content\/uploads\/sites\/23\/2024\/08\/MED.png 1080w\" sizes=\"(max-width: 300px) 100vw, 300px\" \/>\t\t\t\t\t\t\t\t<\/a>\n\t\t\t\t\t\t\t\t\t\t\t<figcaption class=\"widget-image-caption wp-caption-text\">Medicina<\/figcaption>\n\t\t\t\t\t\t\t\t\t\t<\/figure>\n\t\t\t\t\t\t\t\t\t<\/div>\n\t\t\t\t<div class=\"elementor-element elementor-element-5ea7b2d elementor-widget elementor-widget-image\" data-id=\"5ea7b2d\" data-element_type=\"widget\" data-e-type=\"widget\" data-widget_type=\"image.default\">\n\t\t\t\t\t\t\t\t\t\t\t\t<figure class=\"wp-caption\">\n\t\t\t\t\t\t\t\t\t\t\t<a href=\"https:\/\/unidades.tc.df.gov.br\/dsaud\/servicos\/odontologia\/\">\n\t\t\t\t\t\t\t<img decoding=\"async\" width=\"300\" height=\"300\" src=\"https:\/\/unidades.tc.df.gov.br\/dsaud\/wp-content\/uploads\/sites\/23\/2024\/08\/ODO-MEME-300x300.png\" class=\"attachment-medium size-medium wp-image-2783\" alt=\"\" srcset=\"https:\/\/unidades.tc.df.gov.br\/dsaud\/wp-content\/uploads\/sites\/23\/2024\/08\/ODO-MEME-300x300.png 300w, https:\/\/unidades.tc.df.gov.br\/dsaud\/wp-content\/uploads\/sites\/23\/2024\/08\/ODO-MEME-1024x1024.png 1024w, https:\/\/unidades.tc.df.gov.br\/dsaud\/wp-content\/uploads\/sites\/23\/2024\/08\/ODO-MEME-150x150.png 150w, https:\/\/unidades.tc.df.gov.br\/dsaud\/wp-content\/uploads\/sites\/23\/2024\/08\/ODO-MEME-768x768.png 768w, https:\/\/unidades.tc.df.gov.br\/dsaud\/wp-content\/uploads\/sites\/23\/2024\/08\/ODO-MEME-696x696.png 696w, https:\/\/unidades.tc.df.gov.br\/dsaud\/wp-content\/uploads\/sites\/23\/2024\/08\/ODO-MEME-1068x1068.png 1068w, https:\/\/unidades.tc.df.gov.br\/dsaud\/wp-content\/uploads\/sites\/23\/2024\/08\/ODO-MEME-420x420.png 420w, https:\/\/unidades.tc.df.gov.br\/dsaud\/wp-content\/uploads\/sites\/23\/2024\/08\/ODO-MEME.png 1080w\" sizes=\"(max-width: 300px) 100vw, 300px\" \/>\t\t\t\t\t\t\t\t<\/a>\n\t\t\t\t\t\t\t\t\t\t\t<figcaption class=\"widget-image-caption wp-caption-text\">Odontologia<\/figcaption>\n\t\t\t\t\t\t\t\t\t\t<\/figure>\n\t\t\t\t\t\t\t\t\t<\/div>\n\t\t\t\t<div class=\"elementor-element elementor-element-bef077a elementor-widget elementor-widget-image\" data-id=\"bef077a\" data-element_type=\"widget\" data-e-type=\"widget\" data-widget_type=\"image.default\">\n\t\t\t\t\t\t\t\t\t\t\t\t<figure class=\"wp-caption\">\n\t\t\t\t\t\t\t\t\t\t\t<a href=\"https:\/\/unidades.tc.df.gov.br\/dsaud\/servicos\/psicologia\/\">\n\t\t\t\t\t\t\t<img decoding=\"async\" width=\"300\" height=\"300\" src=\"https:\/\/unidades.tc.df.gov.br\/dsaud\/wp-content\/uploads\/sites\/23\/2024\/08\/PSI-MEME-300x300.png\" class=\"attachment-medium size-medium wp-image-2777\" alt=\"\" srcset=\"https:\/\/unidades.tc.df.gov.br\/dsaud\/wp-content\/uploads\/sites\/23\/2024\/08\/PSI-MEME-300x300.png 300w, https:\/\/unidades.tc.df.gov.br\/dsaud\/wp-content\/uploads\/sites\/23\/2024\/08\/PSI-MEME-1024x1024.png 1024w, https:\/\/unidades.tc.df.gov.br\/dsaud\/wp-content\/uploads\/sites\/23\/2024\/08\/PSI-MEME-150x150.png 150w, https:\/\/unidades.tc.df.gov.br\/dsaud\/wp-content\/uploads\/sites\/23\/2024\/08\/PSI-MEME-768x768.png 768w, https:\/\/unidades.tc.df.gov.br\/dsaud\/wp-content\/uploads\/sites\/23\/2024\/08\/PSI-MEME-696x696.png 696w, https:\/\/unidades.tc.df.gov.br\/dsaud\/wp-content\/uploads\/sites\/23\/2024\/08\/PSI-MEME-1068x1068.png 1068w, https:\/\/unidades.tc.df.gov.br\/dsaud\/wp-content\/uploads\/sites\/23\/2024\/08\/PSI-MEME-420x420.png 420w, https:\/\/unidades.tc.df.gov.br\/dsaud\/wp-content\/uploads\/sites\/23\/2024\/08\/PSI-MEME.png 1080w\" sizes=\"(max-width: 300px) 100vw, 300px\" \/>\t\t\t\t\t\t\t\t<\/a>\n\t\t\t\t\t\t\t\t\t\t\t<figcaption class=\"widget-image-caption wp-caption-text\">Psicologia<\/figcaption>\n\t\t\t\t\t\t\t\t\t\t<\/figure>\n\t\t\t\t\t\t\t\t\t<\/div>\n\t\t\t\t<div class=\"elementor-element elementor-element-d5acc0e elementor-widget elementor-widget-image\" data-id=\"d5acc0e\" data-element_type=\"widget\" data-e-type=\"widget\" data-widget_type=\"image.default\">\n\t\t\t\t\t\t\t\t\t\t\t\t<figure class=\"wp-caption\">\n\t\t\t\t\t\t\t\t\t\t\t<a href=\"https:\/\/unidades.tc.df.gov.br\/dsaud\/servicos\/servicos-nutricao\/\">\n\t\t\t\t\t\t\t<img loading=\"lazy\" decoding=\"async\" width=\"300\" height=\"300\" src=\"https:\/\/unidades.tc.df.gov.br\/dsaud\/wp-content\/uploads\/sites\/23\/2024\/08\/NUT-MEME-1-300x300.png\" class=\"attachment-medium size-medium wp-image-2781\" alt=\"\" srcset=\"https:\/\/unidades.tc.df.gov.br\/dsaud\/wp-content\/uploads\/sites\/23\/2024\/08\/NUT-MEME-1-300x300.png 300w, https:\/\/unidades.tc.df.gov.br\/dsaud\/wp-content\/uploads\/sites\/23\/2024\/08\/NUT-MEME-1-1024x1024.png 1024w, https:\/\/unidades.tc.df.gov.br\/dsaud\/wp-content\/uploads\/sites\/23\/2024\/08\/NUT-MEME-1-150x150.png 150w, https:\/\/unidades.tc.df.gov.br\/dsaud\/wp-content\/uploads\/sites\/23\/2024\/08\/NUT-MEME-1-768x768.png 768w, https:\/\/unidades.tc.df.gov.br\/dsaud\/wp-content\/uploads\/sites\/23\/2024\/08\/NUT-MEME-1-696x696.png 696w, https:\/\/unidades.tc.df.gov.br\/dsaud\/wp-content\/uploads\/sites\/23\/2024\/08\/NUT-MEME-1-1068x1068.png 1068w, https:\/\/unidades.tc.df.gov.br\/dsaud\/wp-content\/uploads\/sites\/23\/2024\/08\/NUT-MEME-1-420x420.png 420w, https:\/\/unidades.tc.df.gov.br\/dsaud\/wp-content\/uploads\/sites\/23\/2024\/08\/NUT-MEME-1.png 1080w\" sizes=\"(max-width: 300px) 100vw, 300px\" \/>\t\t\t\t\t\t\t\t<\/a>\n\t\t\t\t\t\t\t\t\t\t\t<figcaption class=\"widget-image-caption wp-caption-text\">Nutri\u00e7\u00e3o<\/figcaption>\n\t\t\t\t\t\t\t\t\t\t<\/figure>\n\t\t\t\t\t\t\t\t\t<\/div>\n\t\t\t\t<div class=\"elementor-element elementor-element-ff8d1a9 elementor-widget elementor-widget-image\" data-id=\"ff8d1a9\" data-element_type=\"widget\" data-e-type=\"widget\" data-widget_type=\"image.default\">\n\t\t\t\t\t\t\t\t\t\t\t\t<figure class=\"wp-caption\">\n\t\t\t\t\t\t\t\t\t\t\t<a href=\"https:\/\/unidades.tc.df.gov.br\/dsaud\/servicos\/servicos-enfermagem\/\">\n\t\t\t\t\t\t\t<img loading=\"lazy\" decoding=\"async\" width=\"300\" height=\"300\" src=\"https:\/\/unidades.tc.df.gov.br\/dsaud\/wp-content\/uploads\/sites\/23\/2024\/08\/ENF-MEME-1-300x300.png\" class=\"attachment-medium size-medium wp-image-2779\" alt=\"\" srcset=\"https:\/\/unidades.tc.df.gov.br\/dsaud\/wp-content\/uploads\/sites\/23\/2024\/08\/ENF-MEME-1-300x300.png 300w, https:\/\/unidades.tc.df.gov.br\/dsaud\/wp-content\/uploads\/sites\/23\/2024\/08\/ENF-MEME-1-1024x1024.png 1024w, https:\/\/unidades.tc.df.gov.br\/dsaud\/wp-content\/uploads\/sites\/23\/2024\/08\/ENF-MEME-1-150x150.png 150w, https:\/\/unidades.tc.df.gov.br\/dsaud\/wp-content\/uploads\/sites\/23\/2024\/08\/ENF-MEME-1-768x768.png 768w, https:\/\/unidades.tc.df.gov.br\/dsaud\/wp-content\/uploads\/sites\/23\/2024\/08\/ENF-MEME-1-696x696.png 696w, https:\/\/unidades.tc.df.gov.br\/dsaud\/wp-content\/uploads\/sites\/23\/2024\/08\/ENF-MEME-1-1068x1068.png 1068w, https:\/\/unidades.tc.df.gov.br\/dsaud\/wp-content\/uploads\/sites\/23\/2024\/08\/ENF-MEME-1-420x420.png 420w, https:\/\/unidades.tc.df.gov.br\/dsaud\/wp-content\/uploads\/sites\/23\/2024\/08\/ENF-MEME-1.png 1080w\" sizes=\"(max-width: 300px) 100vw, 300px\" \/>\t\t\t\t\t\t\t\t<\/a>\n\t\t\t\t\t\t\t\t\t\t\t<figcaption class=\"widget-image-caption wp-caption-text\">Enfermagem<\/figcaption>\n\t\t\t\t\t\t\t\t\t\t<\/figure>\n\t\t\t\t\t\t\t\t\t<\/div>\n\t\t\t\t\t<\/div>\n\t\t\t\t<\/div>\n\t\t\t\t<\/div>\n\t\t","protected":false},"excerpt":{"rendered":"<p>[vc_row][vc_column][vc_column_text css=&#8221;&#8221;] P\u00e1gina inicial\u00a0 &gt;\u00a0 Servi\u00e7os Medicina Odontologia Psicologia Nutri\u00e7\u00e3o Enfermagem [\/vc_column_text][\/vc_column][\/vc_row]<\/p>\n","protected":false},"author":242,"featured_media":0,"parent":0,"menu_order":0,"comment_status":"closed","ping_status":"closed","template":"","meta":{"_monsterinsights_skip_tracking":false,"_monsterinsights_sitenote_active":false,"_monsterinsights_sitenote_note":"","_monsterinsights_sitenote_category":0,"footnotes":""},"class_list":["post-1786","page","type-page","status-publish","hentry"],"acf":[],"_links":{"self":[{"href":"https:\/\/unidades.tc.df.gov.br\/dsaud\/wp-json\/wp\/v2\/pages\/1786","targetHints":{"allow":["GET"]}}],"collection":[{"href":"https:\/\/unidades.tc.df.gov.br\/dsaud\/wp-json\/wp\/v2\/pages"}],"about":[{"href":"https:\/\/unidades.tc.df.gov.br\/dsaud\/wp-json\/wp\/v2\/types\/page"}],"author":[{"embeddable":true,"href":"https:\/\/unidades.tc.df.gov.br\/dsaud\/wp-json\/wp\/v2\/users\/242"}],"replies":[{"embeddable":true,"href":"https:\/\/unidades.tc.df.gov.br\/dsaud\/wp-json\/wp\/v2\/comments?post=1786"}],"version-history":[{"count":33,"href":"https:\/\/unidades.tc.df.gov.br\/dsaud\/wp-json\/wp\/v2\/pages\/1786\/revisions"}],"predecessor-version":[{"id":4189,"href":"https:\/\/unidades.tc.df.gov.br\/dsaud\/wp-json\/wp\/v2\/pages\/1786\/revisions\/4189"}],"wp:attachment":[{"href":"https:\/\/unidades.tc.df.gov.br\/dsaud\/wp-json\/wp\/v2\/media?parent=1786"}],"curies":[{"name":"wp","href":"https:\/\/api.w.org\/{rel}","templated":true}]}}