{"id":1209,"date":"2019-05-28T18:26:52","date_gmt":"2019-05-28T21:26:52","guid":{"rendered":"https:\/\/unidades.tc.df.gov.br\/dsaud\/?page_id=1209"},"modified":"2025-08-11T15:58:01","modified_gmt":"2025-08-11T18:58:01","slug":"semana-da-saude","status":"publish","type":"page","link":"https:\/\/unidades.tc.df.gov.br\/dsaud\/projetos\/semana-da-saude\/","title":{"rendered":"Semana da Sa\u00fade"},"content":{"rendered":"\t\t<div data-elementor-type=\"wp-page\" data-elementor-id=\"1209\" class=\"elementor elementor-1209\">\n\t\t\t\t<div class=\"elementor-element elementor-element-76969f7 e-flex e-con-boxed wpr-particle-no wpr-jarallax-no wpr-parallax-no wpr-sticky-section-no e-con e-parent\" data-id=\"76969f7\" data-element_type=\"container\" data-e-type=\"container\" data-settings=\"{&quot;background_background&quot;:&quot;classic&quot;}\">\n\t\t\t\t\t<div class=\"e-con-inner\">\n\t\t\t\t<div class=\"elementor-element elementor-element-8876d22 elementor-widget elementor-widget-heading\" data-id=\"8876d22\" data-element_type=\"widget\" data-e-type=\"widget\" data-widget_type=\"heading.default\">\n\t\t\t\t\t<h2 class=\"elementor-heading-title elementor-size-default\">Semana da Sa\u00fade<\/h2>\t\t\t\t<\/div>\n\t\t\t\t\t<\/div>\n\t\t\t\t<\/div>\n\t\t<div class=\"elementor-element elementor-element-51140902 e-flex e-con-boxed wpr-particle-no wpr-jarallax-no wpr-parallax-no wpr-sticky-section-no e-con e-parent\" data-id=\"51140902\" data-element_type=\"container\" data-e-type=\"container\">\n\t\t\t\t\t<div class=\"e-con-inner\">\n\t\t\t\t<div class=\"elementor-element elementor-element-351f92d8 elementor-widget elementor-widget-text-editor\" data-id=\"351f92d8\" data-element_type=\"widget\" data-e-type=\"widget\" data-widget_type=\"text-editor.default\">\n\t\t\t\t\t\t\t\t\t<div class=\"escala-container\">\n\n    <h2>Evento Tradicional do TCDF<\/h2>\n\n    <div class=\"info-paragraph\" style=\"color: #00608f\">\n        Evento tradicional no TCDF, realizado anualmente na Corte, \u00e0 exce\u00e7\u00e3o dos anos da pandemia de Covid-19.\n    <\/div>\n\n    <div class=\"info-paragraph\" style=\"color: #00608f\">\n        Em breve, mais conte\u00fados sobre as edi\u00e7\u00f5es anteriores.\n    <\/div>\n\n<\/div>\t\t\t\t\t\t\t\t<\/div>\n\t\t\t\t\t<\/div>\n\t\t\t\t<\/div>\n\t\t<div class=\"elementor-element elementor-element-7c4439f e-flex e-con-boxed wpr-particle-no wpr-jarallax-no wpr-parallax-no wpr-sticky-section-no e-con e-parent\" data-id=\"7c4439f\" data-element_type=\"container\" data-e-type=\"container\">\n\t\t\t\t\t<div class=\"e-con-inner\">\n\t\t\t\t<div class=\"elementor-element elementor-element-98eb9ad elementor-widget elementor-widget-image\" data-id=\"98eb9ad\" data-element_type=\"widget\" data-e-type=\"widget\" data-widget_type=\"image.default\">\n\t\t\t\t\t\t\t\t\t\t\t\t\t\t\t<img fetchpriority=\"high\" decoding=\"async\" width=\"724\" height=\"1024\" src=\"https:\/\/unidades.tc.df.gov.br\/dsaud\/wp-content\/uploads\/sites\/23\/2025\/08\/Cronograma-Semana-da-Saude.pdf-724x1024.png\" class=\"attachment-large size-large wp-image-4080\" alt=\"\" srcset=\"https:\/\/unidades.tc.df.gov.br\/dsaud\/wp-content\/uploads\/sites\/23\/2025\/08\/Cronograma-Semana-da-Saude.pdf-724x1024.png 724w, https:\/\/unidades.tc.df.gov.br\/dsaud\/wp-content\/uploads\/sites\/23\/2025\/08\/Cronograma-Semana-da-Saude.pdf-212x300.png 212w, https:\/\/unidades.tc.df.gov.br\/dsaud\/wp-content\/uploads\/sites\/23\/2025\/08\/Cronograma-Semana-da-Saude.pdf-768x1086.png 768w, https:\/\/unidades.tc.df.gov.br\/dsaud\/wp-content\/uploads\/sites\/23\/2025\/08\/Cronograma-Semana-da-Saude.pdf-1086x1536.png 1086w, https:\/\/unidades.tc.df.gov.br\/dsaud\/wp-content\/uploads\/sites\/23\/2025\/08\/Cronograma-Semana-da-Saude.pdf.png 1414w\" sizes=\"(max-width: 724px) 100vw, 724px\" \/>\t\t\t\t\t\t\t\t\t\t\t\t\t\t\t<\/div>\n\t\t\t\t\t<\/div>\n\t\t\t\t<\/div>\n\t\t\t\t<\/div>\n\t\t","protected":false},"excerpt":{"rendered":"<p>Semana da Sa\u00fade Evento Tradicional do TCDF Evento tradicional no TCDF, realizado anualmente na Corte, \u00e0 exce\u00e7\u00e3o dos anos da pandemia de Covid-19. Em breve, mais conte\u00fados sobre as edi\u00e7\u00f5es anteriores.<\/p>\n","protected":false},"author":169,"featured_media":0,"parent":1930,"menu_order":0,"comment_status":"closed","ping_status":"closed","template":"elementor_header_footer","meta":{"_monsterinsights_skip_tracking":false,"_monsterinsights_sitenote_active":false,"_monsterinsights_sitenote_note":"","_monsterinsights_sitenote_category":0,"footnotes":""},"class_list":["post-1209","page","type-page","status-publish","hentry"],"acf":[],"_links":{"self":[{"href":"https:\/\/unidades.tc.df.gov.br\/dsaud\/wp-json\/wp\/v2\/pages\/1209","targetHints":{"allow":["GET"]}}],"collection":[{"href":"https:\/\/unidades.tc.df.gov.br\/dsaud\/wp-json\/wp\/v2\/pages"}],"about":[{"href":"https:\/\/unidades.tc.df.gov.br\/dsaud\/wp-json\/wp\/v2\/types\/page"}],"author":[{"embeddable":true,"href":"https:\/\/unidades.tc.df.gov.br\/dsaud\/wp-json\/wp\/v2\/users\/169"}],"replies":[{"embeddable":true,"href":"https:\/\/unidades.tc.df.gov.br\/dsaud\/wp-json\/wp\/v2\/comments?post=1209"}],"version-history":[{"count":12,"href":"https:\/\/unidades.tc.df.gov.br\/dsaud\/wp-json\/wp\/v2\/pages\/1209\/revisions"}],"predecessor-version":[{"id":4083,"href":"https:\/\/unidades.tc.df.gov.br\/dsaud\/wp-json\/wp\/v2\/pages\/1209\/revisions\/4083"}],"up":[{"embeddable":true,"href":"https:\/\/unidades.tc.df.gov.br\/dsaud\/wp-json\/wp\/v2\/pages\/1930"}],"wp:attachment":[{"href":"https:\/\/unidades.tc.df.gov.br\/dsaud\/wp-json\/wp\/v2\/media?parent=1209"}],"curies":[{"name":"wp","href":"https:\/\/api.w.org\/{rel}","templated":true}]}}